{"id":13,"date":"2022-05-11T15:03:00","date_gmt":"2022-05-11T13:03:00","guid":{"rendered":"https:\/\/contemporary-music.de\/_wordpress_591\/?page_id=13"},"modified":"2022-05-11T15:03:00","modified_gmt":"2022-05-11T13:03:00","slug":"filine-precht","status":"publish","type":"page","link":"https:\/\/contemporary-music.de\/en\/filine-precht\/","title":{"rendered":"Filine Precht"},"content":{"rendered":"<p>Filine Precht studierte Fl\u00f6te an der Musikhochschule K\u00f6ln und der Folkwanghochschule Essen mit dem Abschluss der k\u00fcnstlerischen Reifepr\u00fcfung.<\/p>\n<p>Sie schlo\u00df ein Studium der historischen Interpretationspraxis mit dem Schwerpunkt historischer Querfl\u00f6ten an der Hochschule f\u00fcr Musik Frankfurt am Main an.<\/p>\n<p>Filine Precht konzertiert mit modernen und historischen Fl\u00f6ten in verschiedenen kammermusikalischen Besetzungen und hat mit vielen zeitgen\u00f6ssischen Komponisten zusamenngearbeitet (u.a. Hans Peter Reutter, Stefan Thomas, Frank Zabel). Sie ist erste Preistr\u00e4gerin des 1. internationalen Telemann Wettbewebs in Magdeburg mit dem Ensemble Travertino.<br \/>\nAuch ist sie als Fl\u00f6tistin in Oratorien, Opern und Singspielen mit verschiedenen Orchestern zu h\u00f6ren, u.a. dem Concert Royal, K\u00f6ln.<br \/>\nFiline Precht lebt als freischaffende Fl\u00f6tistin und Musikp\u00e4dagogin in K\u00f6ln.<\/p>\n","protected":false},"excerpt":{"rendered":"<p>Filine Precht studierte Fl\u00f6te an der Musikhochschule K\u00f6ln und der Folkwanghochschule Essen mit dem Abschluss der k\u00fcnstlerischen Reifepr\u00fcfung. Sie schlo\u00df ein Studium der historischen Interpretationspraxis mit dem Schwerpunkt historischer Querfl\u00f6ten an der Hochschule f\u00fcr Musik Frankfurt am Main an. Filine Precht konzertiert mit modernen und historischen Fl\u00f6ten in verschiedenen kammermusikalischen Besetzungen und hat mit vielen &hellip; <\/p>\n<p class=\"link-more\"><a href=\"https:\/\/contemporary-music.de\/en\/filine-precht\/\" class=\"more-link\">Continue reading<span class=\"screen-reader-text\"> &#8220;Filine Precht&#8221;<\/span><\/a><\/p>\n","protected":false},"author":1,"featured_media":0,"parent":0,"menu_order":0,"comment_status":"closed","ping_status":"closed","template":"","meta":{"footnotes":""},"class_list":["post-13","page","type-page","status-publish","hentry"],"translation":{"provider":"WPGlobus","version":"3.0.2","language":"en","enabled_languages":["de","en"],"languages":{"de":{"title":true,"content":true,"excerpt":false},"en":{"title":false,"content":false,"excerpt":false}}},"yoast_head":"<!-- This site is optimized with the Yoast SEO plugin v27.4 - https:\/\/yoast.com\/product\/yoast-seo-wordpress\/ -->\n<title>Filine Precht - Contemporary Music<\/title>\n<meta name=\"robots\" content=\"index, follow, max-snippet:-1, max-image-preview:large, max-video-preview:-1\" \/>\n<link rel=\"canonical\" href=\"https:\/\/contemporary-music.de\/filine-precht\/\" \/>\n<meta property=\"og:locale\" content=\"en_US\" \/>\n<meta property=\"og:type\" content=\"article\" \/>\n<meta property=\"og:title\" content=\"Filine Precht - Contemporary Music\" \/>\n<meta property=\"og:url\" content=\"https:\/\/contemporary-music.de\/filine-precht\/\" \/>\n<meta property=\"og:site_name\" content=\"Contemporary Music\" \/>\n<meta name=\"twitter:card\" content=\"summary_large_image\" \/>\n<meta name=\"twitter:label1\" content=\"Est. reading time\" \/>\n\t<meta name=\"twitter:data1\" content=\"1 minute\" \/>\n<script type=\"application\/ld+json\" class=\"yoast-schema-graph\">{\"@context\":\"https:\\\/\\\/schema.org\",\"@graph\":[{\"@type\":\"WebPage\",\"@id\":\"https:\\\/\\\/contemporary-music.de\\\/filine-precht\\\/\",\"url\":\"https:\\\/\\\/contemporary-music.de\\\/filine-precht\\\/\",\"name\":\"Filine Precht - Contemporary Music\",\"isPartOf\":{\"@id\":\"https:\\\/\\\/contemporary-music.de\\\/#website\"},\"datePublished\":\"2022-05-11T13:03:00+00:00\",\"breadcrumb\":{\"@id\":\"https:\\\/\\\/contemporary-music.de\\\/filine-precht\\\/#breadcrumb\"},\"inLanguage\":\"en-US\",\"potentialAction\":[{\"@type\":\"ReadAction\",\"target\":[\"https:\\\/\\\/contemporary-music.de\\\/filine-precht\\\/\"]}]},{\"@type\":\"BreadcrumbList\",\"@id\":\"https:\\\/\\\/contemporary-music.de\\\/filine-precht\\\/#breadcrumb\",\"itemListElement\":[{\"@type\":\"ListItem\",\"position\":1,\"name\":\"Startseite\",\"item\":\"https:\\\/\\\/contemporary-music.de\\\/\"},{\"@type\":\"ListItem\",\"position\":2,\"name\":\"Filine Precht\"}]},{\"@type\":\"WebSite\",\"@id\":\"https:\\\/\\\/contemporary-music.de\\\/#website\",\"url\":\"https:\\\/\\\/contemporary-music.de\\\/\",\"name\":\"Contemporary Music\",\"description\":\"\",\"publisher\":{\"@id\":\"https:\\\/\\\/contemporary-music.de\\\/#\\\/schema\\\/person\\\/c67c15d2a2dff16674b8f69c8d0d89fc\"},\"potentialAction\":[{\"@type\":\"SearchAction\",\"target\":{\"@type\":\"EntryPoint\",\"urlTemplate\":\"https:\\\/\\\/contemporary-music.de\\\/?s={search_term_string}\"},\"query-input\":{\"@type\":\"PropertyValueSpecification\",\"valueRequired\":true,\"valueName\":\"search_term_string\"}}],\"inLanguage\":\"en-US\"},{\"@type\":[\"Person\",\"Organization\"],\"@id\":\"https:\\\/\\\/contemporary-music.de\\\/#\\\/schema\\\/person\\\/c67c15d2a2dff16674b8f69c8d0d89fc\",\"name\":\"Stefan Thomas\",\"image\":{\"@type\":\"ImageObject\",\"inLanguage\":\"en-US\",\"@id\":\"https:\\\/\\\/secure.gravatar.com\\\/avatar\\\/b94a19a8b46232e58c6cef480ed9edb7e79db95db34b6bc245691bf554f8acb6?s=96&d=mm&r=g\",\"url\":\"https:\\\/\\\/secure.gravatar.com\\\/avatar\\\/b94a19a8b46232e58c6cef480ed9edb7e79db95db34b6bc245691bf554f8acb6?s=96&d=mm&r=g\",\"contentUrl\":\"https:\\\/\\\/secure.gravatar.com\\\/avatar\\\/b94a19a8b46232e58c6cef480ed9edb7e79db95db34b6bc245691bf554f8acb6?s=96&d=mm&r=g\",\"caption\":\"Stefan Thomas\"},\"logo\":{\"@id\":\"https:\\\/\\\/secure.gravatar.com\\\/avatar\\\/b94a19a8b46232e58c6cef480ed9edb7e79db95db34b6bc245691bf554f8acb6?s=96&d=mm&r=g\"},\"sameAs\":[\"https:\\\/\\\/www.contemporary-music.de\"]}]}<\/script>\n<!-- \/ Yoast SEO plugin. -->","yoast_head_json":{"title":"Filine Precht - Contemporary Music","robots":{"index":"index","follow":"follow","max-snippet":"max-snippet:-1","max-image-preview":"max-image-preview:large","max-video-preview":"max-video-preview:-1"},"canonical":"https:\/\/contemporary-music.de\/filine-precht\/","og_locale":"en_US","og_type":"article","og_title":"Filine Precht - Contemporary Music","og_url":"https:\/\/contemporary-music.de\/filine-precht\/","og_site_name":"Contemporary Music","twitter_card":"summary_large_image","twitter_misc":{"Est. reading time":"1 minute"},"schema":{"@context":"https:\/\/schema.org","@graph":[{"@type":"WebPage","@id":"https:\/\/contemporary-music.de\/filine-precht\/","url":"https:\/\/contemporary-music.de\/filine-precht\/","name":"Filine Precht - Contemporary Music","isPartOf":{"@id":"https:\/\/contemporary-music.de\/#website"},"datePublished":"2022-05-11T13:03:00+00:00","breadcrumb":{"@id":"https:\/\/contemporary-music.de\/filine-precht\/#breadcrumb"},"inLanguage":"en-US","potentialAction":[{"@type":"ReadAction","target":["https:\/\/contemporary-music.de\/filine-precht\/"]}]},{"@type":"BreadcrumbList","@id":"https:\/\/contemporary-music.de\/filine-precht\/#breadcrumb","itemListElement":[{"@type":"ListItem","position":1,"name":"Startseite","item":"https:\/\/contemporary-music.de\/"},{"@type":"ListItem","position":2,"name":"Filine Precht"}]},{"@type":"WebSite","@id":"https:\/\/contemporary-music.de\/#website","url":"https:\/\/contemporary-music.de\/","name":"Contemporary Music","description":"","publisher":{"@id":"https:\/\/contemporary-music.de\/#\/schema\/person\/c67c15d2a2dff16674b8f69c8d0d89fc"},"potentialAction":[{"@type":"SearchAction","target":{"@type":"EntryPoint","urlTemplate":"https:\/\/contemporary-music.de\/?s={search_term_string}"},"query-input":{"@type":"PropertyValueSpecification","valueRequired":true,"valueName":"search_term_string"}}],"inLanguage":"en-US"},{"@type":["Person","Organization"],"@id":"https:\/\/contemporary-music.de\/#\/schema\/person\/c67c15d2a2dff16674b8f69c8d0d89fc","name":"Stefan Thomas","image":{"@type":"ImageObject","inLanguage":"en-US","@id":"https:\/\/secure.gravatar.com\/avatar\/b94a19a8b46232e58c6cef480ed9edb7e79db95db34b6bc245691bf554f8acb6?s=96&d=mm&r=g","url":"https:\/\/secure.gravatar.com\/avatar\/b94a19a8b46232e58c6cef480ed9edb7e79db95db34b6bc245691bf554f8acb6?s=96&d=mm&r=g","contentUrl":"https:\/\/secure.gravatar.com\/avatar\/b94a19a8b46232e58c6cef480ed9edb7e79db95db34b6bc245691bf554f8acb6?s=96&d=mm&r=g","caption":"Stefan Thomas"},"logo":{"@id":"https:\/\/secure.gravatar.com\/avatar\/b94a19a8b46232e58c6cef480ed9edb7e79db95db34b6bc245691bf554f8acb6?s=96&d=mm&r=g"},"sameAs":["https:\/\/www.contemporary-music.de"]}]}},"_links":{"self":[{"href":"https:\/\/contemporary-music.de\/en\/wp-json\/wp\/v2\/pages\/13","targetHints":{"allow":["GET"]}}],"collection":[{"href":"https:\/\/contemporary-music.de\/en\/wp-json\/wp\/v2\/pages"}],"about":[{"href":"https:\/\/contemporary-music.de\/en\/wp-json\/wp\/v2\/types\/page"}],"author":[{"embeddable":true,"href":"https:\/\/contemporary-music.de\/en\/wp-json\/wp\/v2\/users\/1"}],"replies":[{"embeddable":true,"href":"https:\/\/contemporary-music.de\/en\/wp-json\/wp\/v2\/comments?post=13"}],"version-history":[{"count":1,"href":"https:\/\/contemporary-music.de\/en\/wp-json\/wp\/v2\/pages\/13\/revisions"}],"predecessor-version":[{"id":14,"href":"https:\/\/contemporary-music.de\/en\/wp-json\/wp\/v2\/pages\/13\/revisions\/14"}],"wp:attachment":[{"href":"https:\/\/contemporary-music.de\/en\/wp-json\/wp\/v2\/media?parent=13"}],"curies":[{"name":"wp","href":"https:\/\/api.w.org\/{rel}","templated":true}]}}