{"id":17,"date":"2022-05-11T15:04:27","date_gmt":"2022-05-11T13:04:27","guid":{"rendered":"https:\/\/contemporary-music.de\/_wordpress_591\/?page_id=17"},"modified":"2022-10-11T13:38:09","modified_gmt":"2022-10-11T11:38:09","slug":"unser-duo","status":"publish","type":"page","link":"https:\/\/contemporary-music.de\/en\/unser-duo\/","title":{"rendered":"Duo Filine Precht &#038; Stefan Thomas"},"content":{"rendered":"<p>Als Duo spielen wir in den Besetzungen Querfl\u00f6te und Klavier, Traversfl\u00f6te und Cembalo<br \/>\nsowie in der Besetzung Querfl\u00f6te und Synthesizer (u.a. die M\u00e4rchenbilder von Hans Peter Reuter).<br \/>\nWenn Sie uns f\u00fcr ein Konzert engagieren wollen, nehmen Sie bitte Kontakt mit uns auf!<\/p>\n<h2>H\u00f6rproben<\/h2>\n<p>Carl Reinecke: aus\u00a0 Sonate op. 163\u00a0 &#8220;Undine&#8221;, 1. Satz: Allegro\u00a0<\/p>\n<audio class=\"wp-audio-shortcode\" id=\"audio-17-1\" preload=\"none\" style=\"width: 100%;\" controls=\"controls\"><source type=\"audio\/mpeg\" src=\"https:\/\/contemporary-music.de\/\/wp-content\/uploads\/2022\/09\/undine01.mp3?_=1\" \/><a href=\"https:\/\/contemporary-music.de\/\/wp-content\/uploads\/2022\/09\/undine01.mp3\">https:\/\/contemporary-music.de\/\/wp-content\/uploads\/2022\/09\/undine01.mp3<\/a><\/audio>\n<p>Stefan Thomas: Sisyphonie 2\u00a0 (Ausschnitt)<\/p>\n<audio class=\"wp-audio-shortcode\" id=\"audio-17-2\" preload=\"none\" style=\"width: 100%;\" controls=\"controls\"><source type=\"audio\/mpeg\" src=\"https:\/\/contemporary-music.de\/\/wp-content\/uploads\/2022\/09\/ausschnitt_sisyphonie02.mp3?_=2\" \/><a href=\"https:\/\/contemporary-music.de\/\/wp-content\/uploads\/2022\/09\/ausschnitt_sisyphonie02.mp3\">https:\/\/contemporary-music.de\/\/wp-content\/uploads\/2022\/09\/ausschnitt_sisyphonie02.mp3<\/a><\/audio>\n<p>Ignaz Moscheles: aus &#8220;Duo concertant&#8221; op.79 , 2. Andante\u00a0<\/p>\n<audio class=\"wp-audio-shortcode\" id=\"audio-17-3\" preload=\"none\" style=\"width: 100%;\" controls=\"controls\"><source type=\"audio\/mpeg\" src=\"https:\/\/contemporary-music.de\/\/wp-content\/uploads\/2022\/09\/moscheles.mp3?_=3\" \/><a href=\"https:\/\/contemporary-music.de\/\/wp-content\/uploads\/2022\/09\/moscheles.mp3\">https:\/\/contemporary-music.de\/\/wp-content\/uploads\/2022\/09\/moscheles.mp3<\/a><\/audio>\n","protected":false},"excerpt":{"rendered":"<p>Als Duo spielen wir in den Besetzungen Querfl\u00f6te und Klavier, Traversfl\u00f6te und Cembalo sowie in der Besetzung Querfl\u00f6te und Synthesizer (u.a. die M\u00e4rchenbilder von Hans Peter Reuter). Wenn Sie uns f\u00fcr ein Konzert engagieren wollen, nehmen Sie bitte Kontakt mit uns auf! H\u00f6rproben Carl Reinecke: aus\u00a0 Sonate op. 163\u00a0 &#8220;Undine&#8221;, 1. Satz: Allegro\u00a0 Stefan Thomas: &hellip; <\/p>\n<p class=\"link-more\"><a href=\"https:\/\/contemporary-music.de\/en\/unser-duo\/\" class=\"more-link\">Continue reading<span class=\"screen-reader-text\"> &#8220;Duo Filine Precht &#038; Stefan Thomas&#8221;<\/span><\/a><\/p>\n","protected":false},"author":1,"featured_media":0,"parent":0,"menu_order":0,"comment_status":"closed","ping_status":"closed","template":"","meta":{"footnotes":""},"class_list":["post-17","page","type-page","status-publish","hentry"],"translation":{"provider":"WPGlobus","version":"3.0.2","language":"en","enabled_languages":["de","en"],"languages":{"de":{"title":true,"content":true,"excerpt":false},"en":{"title":false,"content":false,"excerpt":false}}},"yoast_head":"<!-- This site is optimized with the Yoast SEO plugin v27.4 - https:\/\/yoast.com\/product\/yoast-seo-wordpress\/ -->\n<title>Duo Filine Precht &amp; Stefan Thomas - Contemporary Music<\/title>\n<meta name=\"robots\" content=\"index, follow, max-snippet:-1, max-image-preview:large, max-video-preview:-1\" \/>\n<link rel=\"canonical\" href=\"https:\/\/contemporary-music.de\/en\/unser-duo\/\" \/>\n<meta property=\"og:locale\" content=\"en_US\" \/>\n<meta property=\"og:type\" content=\"article\" \/>\n<meta property=\"og:title\" content=\"Duo Filine Precht &amp; Stefan Thomas - Contemporary Music\" \/>\n<meta property=\"og:url\" content=\"https:\/\/contemporary-music.de\/en\/unser-duo\/\" \/>\n<meta property=\"og:site_name\" content=\"Contemporary Music\" \/>\n<meta property=\"article:modified_time\" content=\"2022-10-11T11:38:09+00:00\" \/>\n<meta name=\"twitter:card\" content=\"summary_large_image\" \/>\n<meta name=\"twitter:label1\" content=\"Est. reading time\" \/>\n\t<meta name=\"twitter:data1\" content=\"1 minute\" \/>\n<script type=\"application\/ld+json\" class=\"yoast-schema-graph\">{\"@context\":\"https:\\\/\\\/schema.org\",\"@graph\":[{\"@type\":\"WebPage\",\"@id\":\"https:\\\/\\\/contemporary-music.de\\\/en\\\/unser-duo\\\/\",\"url\":\"https:\\\/\\\/contemporary-music.de\\\/en\\\/unser-duo\\\/\",\"name\":\"Duo Filine Precht & Stefan Thomas - Contemporary Music\",\"isPartOf\":{\"@id\":\"https:\\\/\\\/contemporary-music.de\\\/#website\"},\"datePublished\":\"2022-05-11T13:04:27+00:00\",\"dateModified\":\"2022-10-11T11:38:09+00:00\",\"breadcrumb\":{\"@id\":\"https:\\\/\\\/contemporary-music.de\\\/en\\\/unser-duo\\\/#breadcrumb\"},\"inLanguage\":\"en-US\",\"potentialAction\":[{\"@type\":\"ReadAction\",\"target\":[\"https:\\\/\\\/contemporary-music.de\\\/en\\\/unser-duo\\\/\"]}]},{\"@type\":\"BreadcrumbList\",\"@id\":\"https:\\\/\\\/contemporary-music.de\\\/en\\\/unser-duo\\\/#breadcrumb\",\"itemListElement\":[{\"@type\":\"ListItem\",\"position\":1,\"name\":\"Startseite\",\"item\":\"https:\\\/\\\/contemporary-music.de\\\/\"},{\"@type\":\"ListItem\",\"position\":2,\"name\":\"Duo Filine Precht &#038; Stefan Thomas\"}]},{\"@type\":\"WebSite\",\"@id\":\"https:\\\/\\\/contemporary-music.de\\\/#website\",\"url\":\"https:\\\/\\\/contemporary-music.de\\\/\",\"name\":\"Contemporary Music\",\"description\":\"\",\"publisher\":{\"@id\":\"https:\\\/\\\/contemporary-music.de\\\/#\\\/schema\\\/person\\\/c67c15d2a2dff16674b8f69c8d0d89fc\"},\"potentialAction\":[{\"@type\":\"SearchAction\",\"target\":{\"@type\":\"EntryPoint\",\"urlTemplate\":\"https:\\\/\\\/contemporary-music.de\\\/?s={search_term_string}\"},\"query-input\":{\"@type\":\"PropertyValueSpecification\",\"valueRequired\":true,\"valueName\":\"search_term_string\"}}],\"inLanguage\":\"en-US\"},{\"@type\":[\"Person\",\"Organization\"],\"@id\":\"https:\\\/\\\/contemporary-music.de\\\/#\\\/schema\\\/person\\\/c67c15d2a2dff16674b8f69c8d0d89fc\",\"name\":\"Stefan Thomas\",\"image\":{\"@type\":\"ImageObject\",\"inLanguage\":\"en-US\",\"@id\":\"https:\\\/\\\/secure.gravatar.com\\\/avatar\\\/b94a19a8b46232e58c6cef480ed9edb7e79db95db34b6bc245691bf554f8acb6?s=96&d=mm&r=g\",\"url\":\"https:\\\/\\\/secure.gravatar.com\\\/avatar\\\/b94a19a8b46232e58c6cef480ed9edb7e79db95db34b6bc245691bf554f8acb6?s=96&d=mm&r=g\",\"contentUrl\":\"https:\\\/\\\/secure.gravatar.com\\\/avatar\\\/b94a19a8b46232e58c6cef480ed9edb7e79db95db34b6bc245691bf554f8acb6?s=96&d=mm&r=g\",\"caption\":\"Stefan Thomas\"},\"logo\":{\"@id\":\"https:\\\/\\\/secure.gravatar.com\\\/avatar\\\/b94a19a8b46232e58c6cef480ed9edb7e79db95db34b6bc245691bf554f8acb6?s=96&d=mm&r=g\"},\"sameAs\":[\"https:\\\/\\\/www.contemporary-music.de\"]}]}<\/script>\n<!-- \/ Yoast SEO plugin. -->","yoast_head_json":{"title":"Duo Filine Precht & Stefan Thomas - Contemporary Music","robots":{"index":"index","follow":"follow","max-snippet":"max-snippet:-1","max-image-preview":"max-image-preview:large","max-video-preview":"max-video-preview:-1"},"canonical":"https:\/\/contemporary-music.de\/en\/unser-duo\/","og_locale":"en_US","og_type":"article","og_title":"Duo Filine Precht & Stefan Thomas - Contemporary Music","og_url":"https:\/\/contemporary-music.de\/en\/unser-duo\/","og_site_name":"Contemporary Music","article_modified_time":"2022-10-11T11:38:09+00:00","twitter_card":"summary_large_image","twitter_misc":{"Est. reading time":"1 minute"},"schema":{"@context":"https:\/\/schema.org","@graph":[{"@type":"WebPage","@id":"https:\/\/contemporary-music.de\/en\/unser-duo\/","url":"https:\/\/contemporary-music.de\/en\/unser-duo\/","name":"Duo Filine Precht & Stefan Thomas - Contemporary Music","isPartOf":{"@id":"https:\/\/contemporary-music.de\/#website"},"datePublished":"2022-05-11T13:04:27+00:00","dateModified":"2022-10-11T11:38:09+00:00","breadcrumb":{"@id":"https:\/\/contemporary-music.de\/en\/unser-duo\/#breadcrumb"},"inLanguage":"en-US","potentialAction":[{"@type":"ReadAction","target":["https:\/\/contemporary-music.de\/en\/unser-duo\/"]}]},{"@type":"BreadcrumbList","@id":"https:\/\/contemporary-music.de\/en\/unser-duo\/#breadcrumb","itemListElement":[{"@type":"ListItem","position":1,"name":"Startseite","item":"https:\/\/contemporary-music.de\/"},{"@type":"ListItem","position":2,"name":"Duo Filine Precht &#038; Stefan Thomas"}]},{"@type":"WebSite","@id":"https:\/\/contemporary-music.de\/#website","url":"https:\/\/contemporary-music.de\/","name":"Contemporary Music","description":"","publisher":{"@id":"https:\/\/contemporary-music.de\/#\/schema\/person\/c67c15d2a2dff16674b8f69c8d0d89fc"},"potentialAction":[{"@type":"SearchAction","target":{"@type":"EntryPoint","urlTemplate":"https:\/\/contemporary-music.de\/?s={search_term_string}"},"query-input":{"@type":"PropertyValueSpecification","valueRequired":true,"valueName":"search_term_string"}}],"inLanguage":"en-US"},{"@type":["Person","Organization"],"@id":"https:\/\/contemporary-music.de\/#\/schema\/person\/c67c15d2a2dff16674b8f69c8d0d89fc","name":"Stefan Thomas","image":{"@type":"ImageObject","inLanguage":"en-US","@id":"https:\/\/secure.gravatar.com\/avatar\/b94a19a8b46232e58c6cef480ed9edb7e79db95db34b6bc245691bf554f8acb6?s=96&d=mm&r=g","url":"https:\/\/secure.gravatar.com\/avatar\/b94a19a8b46232e58c6cef480ed9edb7e79db95db34b6bc245691bf554f8acb6?s=96&d=mm&r=g","contentUrl":"https:\/\/secure.gravatar.com\/avatar\/b94a19a8b46232e58c6cef480ed9edb7e79db95db34b6bc245691bf554f8acb6?s=96&d=mm&r=g","caption":"Stefan Thomas"},"logo":{"@id":"https:\/\/secure.gravatar.com\/avatar\/b94a19a8b46232e58c6cef480ed9edb7e79db95db34b6bc245691bf554f8acb6?s=96&d=mm&r=g"},"sameAs":["https:\/\/www.contemporary-music.de"]}]}},"_links":{"self":[{"href":"https:\/\/contemporary-music.de\/en\/wp-json\/wp\/v2\/pages\/17","targetHints":{"allow":["GET"]}}],"collection":[{"href":"https:\/\/contemporary-music.de\/en\/wp-json\/wp\/v2\/pages"}],"about":[{"href":"https:\/\/contemporary-music.de\/en\/wp-json\/wp\/v2\/types\/page"}],"author":[{"embeddable":true,"href":"https:\/\/contemporary-music.de\/en\/wp-json\/wp\/v2\/users\/1"}],"replies":[{"embeddable":true,"href":"https:\/\/contemporary-music.de\/en\/wp-json\/wp\/v2\/comments?post=17"}],"version-history":[{"count":11,"href":"https:\/\/contemporary-music.de\/en\/wp-json\/wp\/v2\/pages\/17\/revisions"}],"predecessor-version":[{"id":510,"href":"https:\/\/contemporary-music.de\/en\/wp-json\/wp\/v2\/pages\/17\/revisions\/510"}],"wp:attachment":[{"href":"https:\/\/contemporary-music.de\/en\/wp-json\/wp\/v2\/media?parent=17"}],"curies":[{"name":"wp","href":"https:\/\/api.w.org\/{rel}","templated":true}]}}