{"id":21,"date":"2022-05-11T15:05:42","date_gmt":"2022-05-11T13:05:42","guid":{"rendered":"https:\/\/contemporary-music.de\/_wordpress_591\/?page_id=21"},"modified":"2022-11-14T19:26:27","modified_gmt":"2022-11-14T18:26:27","slug":"links","status":"publish","type":"page","link":"https:\/\/contemporary-music.de\/en\/links\/","title":{"rendered":"Links"},"content":{"rendered":"<p>Hier finden Sie Links zu Kollegen, Interpreten und auch zu anderen unserer Meinung nach sehr empfehlenswerten Websites.<\/p>\n<h2>Interpreten<\/h2>\n<p><a title=\"Adam Fischer\" href=\"https:\/\/www.adamfischer.at\/\" target=\"_blank\" rel=\"noopener\">Adam Fischer<\/a>: Der weltbekannte Dirigent braucht hier nicht n\u00e4her vorgestellt zu werden. Meine <em><strong>Four Toys for orchestra<\/strong><\/em> wurden von Ihm uraufgef\u00fchrt.<br \/>\n<a title=\"RSQ\" href=\"https:\/\/raschersaxophonequartet.com\/\" target=\"_blank\" rel=\"noopener\">Rasch\u00e8r Saxophonquartett<\/a>: Das wohl weltweit bekannteste Saxophonquartett, meine Werke Zeit(t)r\u00e4ume, Tetralog und Plainte sind wurden f\u00fcr sie geschrieben und von ihnen uraufgef\u00fchrt.<br \/>\n<a title=\"Ma'alot-Quintett\" href=\"http:\/\/www.maalot-quintett.de\/\" target=\"_blank\" rel=\"noopener\">Ma&#8217;alot Quintett<\/a>: ein Weltklasse-Bl\u00e4serquintett, zwei meiner Werke wurden von Ihnen aus der Taufe gehoben.<br \/>\n<a title=\"Hermann B\u00e4umer\" href=\"https:\/\/www.staatstheater-mainz.com\/web\/menschen\/mitarbeiter\/hermann-baeumer\" target=\"_blank\" rel=\"noopener\">Hermann B\u00e4umer<\/a>: ebenfalls ein sehr sympathischer wie \u00e4u\u00dferst kompetenter Dirigent. Meine <em><strong>Selffulfilling Processes<\/strong><\/em> wurden von ihm uraufgef\u00fchrt, ebenso die Neufassung meiner <em><strong>Four Toys for orchestra<\/strong><\/em>.<br \/>\n<a title=\"Canticum Novum Singers\" href=\"http:\/\/canticumnovum.org\/\" target=\"_blank\" rel=\"noopener\">Canticum Novum Singers:<\/a> ein exzellenter Chor aus New York.<br \/>\n<a title=\"notabu ensemble\" href=\"http:\/\/www.notabu-ensemble.de\/\" target=\"_blank\" rel=\"noopener\">notabu.ensemble neue musik<\/a>: Ein D\u00fcsseldorfer Ensemble f\u00fcr Neue Musik, f\u00fcr die auch die Zusammenarbeit mit K\u00f6lner Komponisten kein Tabu zu sein scheint.<br \/>\n<a href=\"http:\/\/250-piano-pieces-for-beethoven.com\/von-susanne-kessel\/\" target=\"_blank\" rel=\"noopener\">Susanne Kessel<\/a>: Eine Bonner Pianistin, fr\u00fchere Studienkollegin. Bei dem Projekt 250 piano pieces for Beethoven ist meine <em><strong>Bagatelle mit cis<\/strong><\/em> vertreten, die sie auch f\u00fcr den WDR aufgenommen hat.<br title=\"RSQ\" \/><br \/>\n<a title=\"Irene Kurka\" href=\"http:\/\/www.irenekurka.de\" target=\"_blank\" rel=\"noopener\">Irene Kurka<\/a>: eine fantastische S\u00e4ngerin, mit der ich als Komponist wie auch als Pianist zusammenarbeiten durfte und das auch hoffentlich in Zukunft tun werde!<br title=\"RSQ\" \/><br \/>\n<a title=\"Tetraphonics\" href=\"http:\/\/www.tetraphonics.de\/\" target=\"_blank\" rel=\"noopener\">Tetraphonics<\/a>: EIn nicht ganz so bekanntes, aber absolut professionelles und dazu noch sehr sympathisches Saxophonquartett.\u00a0 <br \/>\n<a title=\"Harry White\" href=\"http:\/\/www.harrywhite.net\/\" target=\"_blank\" rel=\"noopener\">Harry White<\/a>: Einer der besten (und nettesten!) Altsaxophonisten weltweit. <br \/>\n<a href=\"http:\/\/annaherbst.com\/de\/\">Anna Herbst<\/a>, eine gro\u00dfartige und \u00fcberaus vielseitige Sopranisten mit der FIline und ich in letzter Zeit \u00f6fters zusammen arbeiten durften.<br \/>\n<a title=\"Flautando\" href=\"http:\/\/flautando-koeln.de\/\" target=\"_blank\" rel=\"noopener\">Flautando K\u00f6ln:<\/a> Ein hervorragendes Blockfl\u00f6tenquartett, mit denen ich schon mehrfach zusammen arbeiten dufte.<br \/>\n<a title=\"Nangialai Nashir\" href=\"http:\/\/www.nashir.info\/\" target=\"_blank\" rel=\"noopener\">Nangialai Nashir:<\/a> einer der besten\u00a0 Gitarristen die ich kenne!<br \/>\n<a title=\"Grzegorz Stopa\" href=\"https:\/\/muk.ac.at\/studienangebot\/lehrende\/details\/grzegorz-stopa.html\" target=\"_blank\" rel=\"noopener\">Grzegorz Stopa<\/a>: Akkordeonist der Spitzenklasse. F\u00fcr ihn ist mein St\u00fcck Ab und zu komponiert.<br \/>\n<a title=\"e-mex ensemble\" href=\"http:\/\/www.e-mex-ensemble.de\/\" target=\"_blank\" rel=\"noopener\">e-mex neue musik ensemble<\/a>: Es gibt in NRW, neben der Neuen Musik Fabrik, auch einige andere, hervorragende Ensembles f\u00fcr Neue Musik. Das e-mex Ensemble geh\u00f6rt ohne Zweifel dazu.<br \/>\n<a title=\"Concert Royal\" href=\"http:\/\/www.concert-royal.info\/\" target=\"_blank\" rel=\"noopener\">Concert Royal<\/a>: ein hervorragendes Ensemble, das sich auf die Musik des 18. Jahrhunderts spezialisiert hat. Filine spielt regelm\u00e4\u00dfig dort mit.<br \/>\n<a href=\"https:\/\/www.kvaratskhelia.de\/\">Nick und David Khvaratskelia<\/a>: ein aus Georgien stammendes, exzellentes Gitarrenduo, die meine Komposition Up and Down uraufgef\u00fchrt haben. Hoffentlich bald werden Sie bei in meinem neuen Gitarrentrio zu h\u00f6ren sein.<\/p>\n<h2>Komponisten-Kollegen<\/h2>\n<p><a title=\"Frank zabel\" href=\"http:\/\/www.frank-zabel.de\/\" target=\"_blank\" rel=\"noopener\">Frank Zabel<\/a>:meine langj\u00e4hriger Doupartner und, last but not least, sehr aktiver und erfolgreicher Komponist.<br \/>\n<a title=\"Manfred Stahnke\" href=\"https:\/\/tonarthamburg.com\/die-musiker\/manfred-stahnke\/\" target=\"_blank\" rel=\"noopener\">Manfred Stahnke<\/a>: <strong>der<\/strong> Pionier mikrotonaler Musik in Deutschland. F\u00fcr Frank Zabel und mich hat er ein Vierteltonklavierduo mit dem Titel <em><strong>Amsel, Drossel Lied und Zahl<\/strong><\/em> komponiert.<br \/>\n<a title=\"Sascha Dragicevic\" href=\"http:\/\/www.sascha-dragicevic.com\/\" target=\"_blank\" rel=\"noopener\">Sascha Dragicevic<\/a>: fr\u00fcherer Studienkollege, Freund, Mitstreiter bei Klang-K\u00f6ln e.V.&gt;<br \/>\n<a href=\"https:\/\/christophmariawagner.de\/\">Christoph Maria Wagner<\/a>: Ein Studienkollege von einst, mittlerweile sowohl viel besch\u00e4ftigter Dirigent, Pianist und vor allem auch Komponist. Er hat schon mehrfach, als Dirigent wie auch als Pianist Werke von mir auf- und uraufgef\u00fchrt. Bei ihm ist man als Komponist in den allerbesten H\u00e4nden.<\/p>\n<h2>Mein Verein<\/h2>\n<p><a title=\"Klang-K\u00f6ln e.V.\" href=\"http:\/\/www.klang-koeln.de\/\" target=\"_blank\" rel=\"noopener\">Klang-K\u00f6ln e.V.<\/a>: Seit mittlerweile organisieren wir Konzerte mit, aber nicht nur, Neuer Musik.<\/p>\n<h2>Software<\/h2>\n<p><a title=\"Lilypond\" href=\"http:\/\/www.lilypond.org\/\" target=\"_blank\" rel=\"noopener\">Lilypond<\/a>: EIn Open-Source-Notensatzprogramm, das sich nicht hinter den Branchenriesen Sibelius und Finale zu verstecken braucht. Eine riesige Sammlung mit Noten, im Lilypond-Format erstellt, findet sich bei <a title=\"Mutopia\" href=\"http:\/\/www.mutopiaproject.org\/\" target=\"_blank\" rel=\"noopener\">Mutopia<\/a>.<br \/>\n<a title=\"Csound\" href=\"http:\/\/www.csounds.com\/\" target=\"_blank\" rel=\"noopener\">Csound<\/a>: Eine Programmiersprache, die es erm\u00f6glicht, Soundsynthese auf h\u00f6chstem Niveau zu betreiben. Ebenfalls Open-Source!<\/p>\n","protected":false},"excerpt":{"rendered":"<p>Hier finden Sie Links zu Kollegen, Interpreten und auch zu anderen unserer Meinung nach sehr empfehlenswerten Websites. Interpreten Adam Fischer: Der weltbekannte Dirigent braucht hier nicht n\u00e4her vorgestellt zu werden. Meine Four Toys for orchestra wurden von Ihm uraufgef\u00fchrt. Rasch\u00e8r Saxophonquartett: Das wohl weltweit bekannteste Saxophonquartett, meine Werke Zeit(t)r\u00e4ume, Tetralog und Plainte sind wurden f\u00fcr &hellip; <\/p>\n<p class=\"link-more\"><a href=\"https:\/\/contemporary-music.de\/en\/links\/\" class=\"more-link\">Continue reading<span class=\"screen-reader-text\"> &#8220;Links&#8221;<\/span><\/a><\/p>\n","protected":false},"author":1,"featured_media":0,"parent":0,"menu_order":0,"comment_status":"closed","ping_status":"closed","template":"","meta":{"footnotes":""},"class_list":["post-21","page","type-page","status-publish","hentry"],"translation":{"provider":"WPGlobus","version":"3.0.2","language":"en","enabled_languages":["de","en"],"languages":{"de":{"title":true,"content":true,"excerpt":false},"en":{"title":false,"content":false,"excerpt":false}}},"yoast_head":"<!-- This site is optimized with the Yoast SEO plugin v27.4 - https:\/\/yoast.com\/product\/yoast-seo-wordpress\/ -->\n<title>Links - Contemporary Music<\/title>\n<meta name=\"robots\" content=\"index, follow, max-snippet:-1, max-image-preview:large, max-video-preview:-1\" \/>\n<link rel=\"canonical\" href=\"https:\/\/contemporary-music.de\/links\/\" \/>\n<meta property=\"og:locale\" content=\"en_US\" \/>\n<meta property=\"og:type\" content=\"article\" \/>\n<meta property=\"og:title\" content=\"Links - Contemporary Music\" \/>\n<meta property=\"og:url\" content=\"https:\/\/contemporary-music.de\/links\/\" \/>\n<meta property=\"og:site_name\" content=\"Contemporary Music\" \/>\n<meta property=\"article:modified_time\" content=\"2022-11-14T18:26:27+00:00\" \/>\n<meta name=\"twitter:card\" content=\"summary_large_image\" \/>\n<meta name=\"twitter:label1\" content=\"Est. reading time\" \/>\n\t<meta name=\"twitter:data1\" content=\"3 minutes\" \/>\n<script type=\"application\/ld+json\" class=\"yoast-schema-graph\">{\"@context\":\"https:\\\/\\\/schema.org\",\"@graph\":[{\"@type\":\"WebPage\",\"@id\":\"https:\\\/\\\/contemporary-music.de\\\/links\\\/\",\"url\":\"https:\\\/\\\/contemporary-music.de\\\/links\\\/\",\"name\":\"Links - Contemporary Music\",\"isPartOf\":{\"@id\":\"https:\\\/\\\/contemporary-music.de\\\/#website\"},\"datePublished\":\"2022-05-11T13:05:42+00:00\",\"dateModified\":\"2022-11-14T18:26:27+00:00\",\"breadcrumb\":{\"@id\":\"https:\\\/\\\/contemporary-music.de\\\/links\\\/#breadcrumb\"},\"inLanguage\":\"en-US\",\"potentialAction\":[{\"@type\":\"ReadAction\",\"target\":[\"https:\\\/\\\/contemporary-music.de\\\/links\\\/\"]}]},{\"@type\":\"BreadcrumbList\",\"@id\":\"https:\\\/\\\/contemporary-music.de\\\/links\\\/#breadcrumb\",\"itemListElement\":[{\"@type\":\"ListItem\",\"position\":1,\"name\":\"Startseite\",\"item\":\"https:\\\/\\\/contemporary-music.de\\\/\"},{\"@type\":\"ListItem\",\"position\":2,\"name\":\"Links\"}]},{\"@type\":\"WebSite\",\"@id\":\"https:\\\/\\\/contemporary-music.de\\\/#website\",\"url\":\"https:\\\/\\\/contemporary-music.de\\\/\",\"name\":\"Contemporary Music\",\"description\":\"\",\"publisher\":{\"@id\":\"https:\\\/\\\/contemporary-music.de\\\/#\\\/schema\\\/person\\\/c67c15d2a2dff16674b8f69c8d0d89fc\"},\"potentialAction\":[{\"@type\":\"SearchAction\",\"target\":{\"@type\":\"EntryPoint\",\"urlTemplate\":\"https:\\\/\\\/contemporary-music.de\\\/?s={search_term_string}\"},\"query-input\":{\"@type\":\"PropertyValueSpecification\",\"valueRequired\":true,\"valueName\":\"search_term_string\"}}],\"inLanguage\":\"en-US\"},{\"@type\":[\"Person\",\"Organization\"],\"@id\":\"https:\\\/\\\/contemporary-music.de\\\/#\\\/schema\\\/person\\\/c67c15d2a2dff16674b8f69c8d0d89fc\",\"name\":\"Stefan Thomas\",\"image\":{\"@type\":\"ImageObject\",\"inLanguage\":\"en-US\",\"@id\":\"https:\\\/\\\/secure.gravatar.com\\\/avatar\\\/b94a19a8b46232e58c6cef480ed9edb7e79db95db34b6bc245691bf554f8acb6?s=96&d=mm&r=g\",\"url\":\"https:\\\/\\\/secure.gravatar.com\\\/avatar\\\/b94a19a8b46232e58c6cef480ed9edb7e79db95db34b6bc245691bf554f8acb6?s=96&d=mm&r=g\",\"contentUrl\":\"https:\\\/\\\/secure.gravatar.com\\\/avatar\\\/b94a19a8b46232e58c6cef480ed9edb7e79db95db34b6bc245691bf554f8acb6?s=96&d=mm&r=g\",\"caption\":\"Stefan Thomas\"},\"logo\":{\"@id\":\"https:\\\/\\\/secure.gravatar.com\\\/avatar\\\/b94a19a8b46232e58c6cef480ed9edb7e79db95db34b6bc245691bf554f8acb6?s=96&d=mm&r=g\"},\"sameAs\":[\"https:\\\/\\\/www.contemporary-music.de\"]}]}<\/script>\n<!-- \/ Yoast SEO plugin. -->","yoast_head_json":{"title":"Links - Contemporary Music","robots":{"index":"index","follow":"follow","max-snippet":"max-snippet:-1","max-image-preview":"max-image-preview:large","max-video-preview":"max-video-preview:-1"},"canonical":"https:\/\/contemporary-music.de\/links\/","og_locale":"en_US","og_type":"article","og_title":"Links - Contemporary Music","og_url":"https:\/\/contemporary-music.de\/links\/","og_site_name":"Contemporary Music","article_modified_time":"2022-11-14T18:26:27+00:00","twitter_card":"summary_large_image","twitter_misc":{"Est. reading time":"3 minutes"},"schema":{"@context":"https:\/\/schema.org","@graph":[{"@type":"WebPage","@id":"https:\/\/contemporary-music.de\/links\/","url":"https:\/\/contemporary-music.de\/links\/","name":"Links - Contemporary Music","isPartOf":{"@id":"https:\/\/contemporary-music.de\/#website"},"datePublished":"2022-05-11T13:05:42+00:00","dateModified":"2022-11-14T18:26:27+00:00","breadcrumb":{"@id":"https:\/\/contemporary-music.de\/links\/#breadcrumb"},"inLanguage":"en-US","potentialAction":[{"@type":"ReadAction","target":["https:\/\/contemporary-music.de\/links\/"]}]},{"@type":"BreadcrumbList","@id":"https:\/\/contemporary-music.de\/links\/#breadcrumb","itemListElement":[{"@type":"ListItem","position":1,"name":"Startseite","item":"https:\/\/contemporary-music.de\/"},{"@type":"ListItem","position":2,"name":"Links"}]},{"@type":"WebSite","@id":"https:\/\/contemporary-music.de\/#website","url":"https:\/\/contemporary-music.de\/","name":"Contemporary Music","description":"","publisher":{"@id":"https:\/\/contemporary-music.de\/#\/schema\/person\/c67c15d2a2dff16674b8f69c8d0d89fc"},"potentialAction":[{"@type":"SearchAction","target":{"@type":"EntryPoint","urlTemplate":"https:\/\/contemporary-music.de\/?s={search_term_string}"},"query-input":{"@type":"PropertyValueSpecification","valueRequired":true,"valueName":"search_term_string"}}],"inLanguage":"en-US"},{"@type":["Person","Organization"],"@id":"https:\/\/contemporary-music.de\/#\/schema\/person\/c67c15d2a2dff16674b8f69c8d0d89fc","name":"Stefan Thomas","image":{"@type":"ImageObject","inLanguage":"en-US","@id":"https:\/\/secure.gravatar.com\/avatar\/b94a19a8b46232e58c6cef480ed9edb7e79db95db34b6bc245691bf554f8acb6?s=96&d=mm&r=g","url":"https:\/\/secure.gravatar.com\/avatar\/b94a19a8b46232e58c6cef480ed9edb7e79db95db34b6bc245691bf554f8acb6?s=96&d=mm&r=g","contentUrl":"https:\/\/secure.gravatar.com\/avatar\/b94a19a8b46232e58c6cef480ed9edb7e79db95db34b6bc245691bf554f8acb6?s=96&d=mm&r=g","caption":"Stefan Thomas"},"logo":{"@id":"https:\/\/secure.gravatar.com\/avatar\/b94a19a8b46232e58c6cef480ed9edb7e79db95db34b6bc245691bf554f8acb6?s=96&d=mm&r=g"},"sameAs":["https:\/\/www.contemporary-music.de"]}]}},"_links":{"self":[{"href":"https:\/\/contemporary-music.de\/en\/wp-json\/wp\/v2\/pages\/21","targetHints":{"allow":["GET"]}}],"collection":[{"href":"https:\/\/contemporary-music.de\/en\/wp-json\/wp\/v2\/pages"}],"about":[{"href":"https:\/\/contemporary-music.de\/en\/wp-json\/wp\/v2\/types\/page"}],"author":[{"embeddable":true,"href":"https:\/\/contemporary-music.de\/en\/wp-json\/wp\/v2\/users\/1"}],"replies":[{"embeddable":true,"href":"https:\/\/contemporary-music.de\/en\/wp-json\/wp\/v2\/comments?post=21"}],"version-history":[{"count":7,"href":"https:\/\/contemporary-music.de\/en\/wp-json\/wp\/v2\/pages\/21\/revisions"}],"predecessor-version":[{"id":483,"href":"https:\/\/contemporary-music.de\/en\/wp-json\/wp\/v2\/pages\/21\/revisions\/483"}],"wp:attachment":[{"href":"https:\/\/contemporary-music.de\/en\/wp-json\/wp\/v2\/media?parent=21"}],"curies":[{"name":"wp","href":"https:\/\/api.w.org\/{rel}","templated":true}]}}