{"id":262,"date":"2022-10-11T13:59:31","date_gmt":"2022-10-11T11:59:31","guid":{"rendered":"https:\/\/contemporary-music.de\/_wordpress_591\/?page_id=262"},"modified":"2022-10-11T13:59:31","modified_gmt":"2022-10-11T11:59:31","slug":"der-komponist","status":"publish","type":"page","link":"https:\/\/contemporary-music.de\/en\/stefan-thomas\/der-komponist\/","title":{"rendered":"Der Komponist"},"content":{"rendered":"<div class=\"item-page\">\n<h2>Musik, Musik, Musik!<\/h2>\n<p>Hier k\u00f6nnen Sie\u00a0 sich einen genaueren Einblick in meine kompositorischen Arbeit verschaffen. Die Noten k\u00f6nnen Sie in Ihrem Browser betrachten, gerne aber auch downloaden und ausdrucken.\u00a0 Sie ben\u00f6tigen dazu die Software Adobe-Reader oder ein anderes Programm, dass PDF-Dateien anzeigen und ausdrucken kann (z.B. Okular).<\/p>\n<p><strong>Bitte beachten Sie<\/strong>: falls Sie eines meiner St\u00fccke auff\u00fchren sollten, Seien Sie so freundlich und informieren mich bitte, wann und wo die Auff\u00fchrung stattgefunden hat, denn eine Auff\u00fchrung bedeutet f\u00fcr mich Tantiemen von der Gema . (Allerdings: in den meisten F\u00e4llen reicht das noch nicht einmal, um Sie zu einem Bier einzuladen). Die Gema-Geb\u00fchren werden in der Regel vom Veranstalter getragen, f\u00fcr Sie bedeutet das keinerlei Unkosten. Zu den St\u00fccken, die bei Verlagen ver\u00f6ffentlicht sind, werden Sie \u00fcber einen Link weitergeleitet.<\/p>\n<p>Zur Zeit habe ich noch nicht alle meine Kompositionen auf dieser Website ver\u00f6ffentlicht. Sollten Sie sich f\u00fcr eine Komposition interessieren, die hier noch nicht zum Download bereitsteht, wenden Sie sich bitte per e-mail an mich. Ich werde Ihnen dann das St\u00fcck gerne mailen. Einige St\u00fccke k\u00f6nnen Sie sich auch, ganz oder teilweise, als mp3-Stream anh\u00f6ren.<\/p>\n<\/div>\n","protected":false},"excerpt":{"rendered":"<p>Musik, Musik, Musik! Hier k\u00f6nnen Sie\u00a0 sich einen genaueren Einblick in meine kompositorischen Arbeit verschaffen. Die Noten k\u00f6nnen Sie in Ihrem Browser betrachten, gerne aber auch downloaden und ausdrucken.\u00a0 Sie ben\u00f6tigen dazu die Software Adobe-Reader oder ein anderes Programm, dass PDF-Dateien anzeigen und ausdrucken kann (z.B. Okular). Bitte beachten Sie: falls Sie eines meiner St\u00fccke &hellip; <\/p>\n<p class=\"link-more\"><a href=\"https:\/\/contemporary-music.de\/en\/stefan-thomas\/der-komponist\/\" class=\"more-link\">Continue reading<span class=\"screen-reader-text\"> &#8220;Der Komponist&#8221;<\/span><\/a><\/p>\n","protected":false},"author":1,"featured_media":0,"parent":15,"menu_order":0,"comment_status":"closed","ping_status":"closed","template":"","meta":{"footnotes":""},"class_list":["post-262","page","type-page","status-publish","hentry"],"translation":{"provider":"WPGlobus","version":"3.0.2","language":"en","enabled_languages":["de","en"],"languages":{"de":{"title":true,"content":true,"excerpt":false},"en":{"title":false,"content":false,"excerpt":false}}},"yoast_head":"<!-- This site is optimized with the Yoast SEO plugin v27.4 - https:\/\/yoast.com\/product\/yoast-seo-wordpress\/ -->\n<title>Der Komponist - Contemporary Music<\/title>\n<meta name=\"robots\" content=\"index, follow, max-snippet:-1, max-image-preview:large, max-video-preview:-1\" \/>\n<link rel=\"canonical\" href=\"https:\/\/contemporary-music.de\/stefan-thomas\/der-komponist\/\" \/>\n<meta property=\"og:locale\" content=\"en_US\" \/>\n<meta property=\"og:type\" content=\"article\" \/>\n<meta property=\"og:title\" content=\"Der Komponist - Contemporary Music\" \/>\n<meta property=\"og:url\" content=\"https:\/\/contemporary-music.de\/stefan-thomas\/der-komponist\/\" \/>\n<meta property=\"og:site_name\" content=\"Contemporary Music\" \/>\n<meta name=\"twitter:card\" content=\"summary_large_image\" \/>\n<meta name=\"twitter:label1\" content=\"Est. reading time\" \/>\n\t<meta name=\"twitter:data1\" content=\"1 minute\" \/>\n<script type=\"application\/ld+json\" class=\"yoast-schema-graph\">{\"@context\":\"https:\\\/\\\/schema.org\",\"@graph\":[{\"@type\":\"WebPage\",\"@id\":\"https:\\\/\\\/contemporary-music.de\\\/stefan-thomas\\\/der-komponist\\\/\",\"url\":\"https:\\\/\\\/contemporary-music.de\\\/stefan-thomas\\\/der-komponist\\\/\",\"name\":\"Der Komponist - Contemporary Music\",\"isPartOf\":{\"@id\":\"https:\\\/\\\/contemporary-music.de\\\/#website\"},\"datePublished\":\"2022-10-11T11:59:31+00:00\",\"breadcrumb\":{\"@id\":\"https:\\\/\\\/contemporary-music.de\\\/stefan-thomas\\\/der-komponist\\\/#breadcrumb\"},\"inLanguage\":\"en-US\",\"potentialAction\":[{\"@type\":\"ReadAction\",\"target\":[\"https:\\\/\\\/contemporary-music.de\\\/stefan-thomas\\\/der-komponist\\\/\"]}]},{\"@type\":\"BreadcrumbList\",\"@id\":\"https:\\\/\\\/contemporary-music.de\\\/stefan-thomas\\\/der-komponist\\\/#breadcrumb\",\"itemListElement\":[{\"@type\":\"ListItem\",\"position\":1,\"name\":\"Startseite\",\"item\":\"https:\\\/\\\/contemporary-music.de\\\/\"},{\"@type\":\"ListItem\",\"position\":2,\"name\":\"Stefan Thomas\",\"item\":\"https:\\\/\\\/contemporary-music.de\\\/stefan-thomas\\\/\"},{\"@type\":\"ListItem\",\"position\":3,\"name\":\"Der Komponist\"}]},{\"@type\":\"WebSite\",\"@id\":\"https:\\\/\\\/contemporary-music.de\\\/#website\",\"url\":\"https:\\\/\\\/contemporary-music.de\\\/\",\"name\":\"Contemporary Music\",\"description\":\"\",\"publisher\":{\"@id\":\"https:\\\/\\\/contemporary-music.de\\\/#\\\/schema\\\/person\\\/c67c15d2a2dff16674b8f69c8d0d89fc\"},\"potentialAction\":[{\"@type\":\"SearchAction\",\"target\":{\"@type\":\"EntryPoint\",\"urlTemplate\":\"https:\\\/\\\/contemporary-music.de\\\/?s={search_term_string}\"},\"query-input\":{\"@type\":\"PropertyValueSpecification\",\"valueRequired\":true,\"valueName\":\"search_term_string\"}}],\"inLanguage\":\"en-US\"},{\"@type\":[\"Person\",\"Organization\"],\"@id\":\"https:\\\/\\\/contemporary-music.de\\\/#\\\/schema\\\/person\\\/c67c15d2a2dff16674b8f69c8d0d89fc\",\"name\":\"Stefan Thomas\",\"image\":{\"@type\":\"ImageObject\",\"inLanguage\":\"en-US\",\"@id\":\"https:\\\/\\\/secure.gravatar.com\\\/avatar\\\/b94a19a8b46232e58c6cef480ed9edb7e79db95db34b6bc245691bf554f8acb6?s=96&d=mm&r=g\",\"url\":\"https:\\\/\\\/secure.gravatar.com\\\/avatar\\\/b94a19a8b46232e58c6cef480ed9edb7e79db95db34b6bc245691bf554f8acb6?s=96&d=mm&r=g\",\"contentUrl\":\"https:\\\/\\\/secure.gravatar.com\\\/avatar\\\/b94a19a8b46232e58c6cef480ed9edb7e79db95db34b6bc245691bf554f8acb6?s=96&d=mm&r=g\",\"caption\":\"Stefan Thomas\"},\"logo\":{\"@id\":\"https:\\\/\\\/secure.gravatar.com\\\/avatar\\\/b94a19a8b46232e58c6cef480ed9edb7e79db95db34b6bc245691bf554f8acb6?s=96&d=mm&r=g\"},\"sameAs\":[\"https:\\\/\\\/www.contemporary-music.de\"]}]}<\/script>\n<!-- \/ Yoast SEO plugin. -->","yoast_head_json":{"title":"Der Komponist - Contemporary Music","robots":{"index":"index","follow":"follow","max-snippet":"max-snippet:-1","max-image-preview":"max-image-preview:large","max-video-preview":"max-video-preview:-1"},"canonical":"https:\/\/contemporary-music.de\/stefan-thomas\/der-komponist\/","og_locale":"en_US","og_type":"article","og_title":"Der Komponist - Contemporary Music","og_url":"https:\/\/contemporary-music.de\/stefan-thomas\/der-komponist\/","og_site_name":"Contemporary Music","twitter_card":"summary_large_image","twitter_misc":{"Est. reading time":"1 minute"},"schema":{"@context":"https:\/\/schema.org","@graph":[{"@type":"WebPage","@id":"https:\/\/contemporary-music.de\/stefan-thomas\/der-komponist\/","url":"https:\/\/contemporary-music.de\/stefan-thomas\/der-komponist\/","name":"Der Komponist - Contemporary Music","isPartOf":{"@id":"https:\/\/contemporary-music.de\/#website"},"datePublished":"2022-10-11T11:59:31+00:00","breadcrumb":{"@id":"https:\/\/contemporary-music.de\/stefan-thomas\/der-komponist\/#breadcrumb"},"inLanguage":"en-US","potentialAction":[{"@type":"ReadAction","target":["https:\/\/contemporary-music.de\/stefan-thomas\/der-komponist\/"]}]},{"@type":"BreadcrumbList","@id":"https:\/\/contemporary-music.de\/stefan-thomas\/der-komponist\/#breadcrumb","itemListElement":[{"@type":"ListItem","position":1,"name":"Startseite","item":"https:\/\/contemporary-music.de\/"},{"@type":"ListItem","position":2,"name":"Stefan Thomas","item":"https:\/\/contemporary-music.de\/stefan-thomas\/"},{"@type":"ListItem","position":3,"name":"Der Komponist"}]},{"@type":"WebSite","@id":"https:\/\/contemporary-music.de\/#website","url":"https:\/\/contemporary-music.de\/","name":"Contemporary Music","description":"","publisher":{"@id":"https:\/\/contemporary-music.de\/#\/schema\/person\/c67c15d2a2dff16674b8f69c8d0d89fc"},"potentialAction":[{"@type":"SearchAction","target":{"@type":"EntryPoint","urlTemplate":"https:\/\/contemporary-music.de\/?s={search_term_string}"},"query-input":{"@type":"PropertyValueSpecification","valueRequired":true,"valueName":"search_term_string"}}],"inLanguage":"en-US"},{"@type":["Person","Organization"],"@id":"https:\/\/contemporary-music.de\/#\/schema\/person\/c67c15d2a2dff16674b8f69c8d0d89fc","name":"Stefan Thomas","image":{"@type":"ImageObject","inLanguage":"en-US","@id":"https:\/\/secure.gravatar.com\/avatar\/b94a19a8b46232e58c6cef480ed9edb7e79db95db34b6bc245691bf554f8acb6?s=96&d=mm&r=g","url":"https:\/\/secure.gravatar.com\/avatar\/b94a19a8b46232e58c6cef480ed9edb7e79db95db34b6bc245691bf554f8acb6?s=96&d=mm&r=g","contentUrl":"https:\/\/secure.gravatar.com\/avatar\/b94a19a8b46232e58c6cef480ed9edb7e79db95db34b6bc245691bf554f8acb6?s=96&d=mm&r=g","caption":"Stefan Thomas"},"logo":{"@id":"https:\/\/secure.gravatar.com\/avatar\/b94a19a8b46232e58c6cef480ed9edb7e79db95db34b6bc245691bf554f8acb6?s=96&d=mm&r=g"},"sameAs":["https:\/\/www.contemporary-music.de"]}]}},"_links":{"self":[{"href":"https:\/\/contemporary-music.de\/en\/wp-json\/wp\/v2\/pages\/262","targetHints":{"allow":["GET"]}}],"collection":[{"href":"https:\/\/contemporary-music.de\/en\/wp-json\/wp\/v2\/pages"}],"about":[{"href":"https:\/\/contemporary-music.de\/en\/wp-json\/wp\/v2\/types\/page"}],"author":[{"embeddable":true,"href":"https:\/\/contemporary-music.de\/en\/wp-json\/wp\/v2\/users\/1"}],"replies":[{"embeddable":true,"href":"https:\/\/contemporary-music.de\/en\/wp-json\/wp\/v2\/comments?post=262"}],"version-history":[{"count":2,"href":"https:\/\/contemporary-music.de\/en\/wp-json\/wp\/v2\/pages\/262\/revisions"}],"predecessor-version":[{"id":457,"href":"https:\/\/contemporary-music.de\/en\/wp-json\/wp\/v2\/pages\/262\/revisions\/457"}],"up":[{"embeddable":true,"href":"https:\/\/contemporary-music.de\/en\/wp-json\/wp\/v2\/pages\/15"}],"wp:attachment":[{"href":"https:\/\/contemporary-music.de\/en\/wp-json\/wp\/v2\/media?parent=262"}],"curies":[{"name":"wp","href":"https:\/\/api.w.org\/{rel}","templated":true}]}}