{"id":268,"date":"2022-10-11T14:14:23","date_gmt":"2022-10-11T12:14:23","guid":{"rendered":"https:\/\/contemporary-music.de\/_wordpress_591\/?page_id=268"},"modified":"2022-10-12T19:03:50","modified_gmt":"2022-10-12T17:03:50","slug":"orchester-und-kammerensemble","status":"publish","type":"page","link":"https:\/\/contemporary-music.de\/en\/stefan-thomas\/der-komponist\/orchester-und-kammerensemble\/","title":{"rendered":"Orchester und Kammerensemble"},"content":{"rendered":"<p>Auch hier k\u00f6nnen Sie sich Aufnahmen anh\u00f6ren und zum Teil auch Noten herunterladen. Wenn Sie das Stimmenmaterial ben\u00f6tigen schreiben Sie mir bitte eine\u00a0 e-mail!<\/p>\n<p><strong>Ab und zu<\/strong>\u00a0f\u00fcr Akordeon und f\u00fcnf Instrumente (2011) &gt;\u00a0<a title=\"ab_und_zu\" href=\"https:\/\/contemporary-music.de\/\/wp-content\/uploads\/2022\/10\/partitur_abundzu_mitlegende-1.pdf\" target=\"_blank\" rel=\"noopener\">Noten<\/a><\/p>\n<p><strong>Tetralog<\/strong> f\u00fcr Saxophonquartett und Kammerorchester (2004)<br \/>\n<a title=\"Edition Gravis\" href=\"http:\/\/www.editiongravis.de\/verlag\/\" target=\"_blank\" rel=\"noopener\">Partitur bei Edition Gravis<\/a><\/p>\n<p><strong>Engf\u00fchrung<\/strong> (2002) f\u00fcr Bass-Saxophon und 15 Instrumente &gt;\u00a0<a title=\"Engf\u00fchrung\" href=\"https:\/\/contemporary-music.de\/\/wp-content\/uploads\/2022\/10\/Engfuehrung.pdf\" target=\"_blank\" rel=\"noopener\">Noten<\/a><\/p>\n<p><strong>Plainte<\/strong> f\u00fcr Saxophonensemble (2001)<\/p>\n<p><strong>Selffulfilling Processes<\/strong> f\u00fcr zehn Blechbl\u00e4ser (1998)<\/p>\n<p><strong>Four Toys for orchestra<\/strong> (1996)<br \/>\n<a title=\"Edition Gravis\" href=\"http:\/\/www.editiongravis.de\/verlag\/\" target=\"_blank\" rel=\"noopener\">Partitur bei Edition Gravis<\/a><\/p>\n<p><strong>Esaltato<\/strong> (1993) f\u00fcr Klavier und Kammerensemble (1993) &gt;\u00a0<a title=\"Esaltato\" href=\"https:\/\/contemporary-music.de\/\/wp-content\/uploads\/2022\/10\/esaltato.pdf\" target=\"_blank\" rel=\"noopener\">Noten<\/a> <br \/>\nAufnahme anh\u00f6ren (im Ausschnitt) mit Stefan Thomas (Klavier) und dem notabu.ensemble neue musik, Ltg.: Mark Andreas Schlingensiepen<\/p>\n<audio class=\"wp-audio-shortcode\" id=\"audio-268-1\" preload=\"none\" style=\"width: 100%;\" controls=\"controls\"><source type=\"audio\/mpeg\" src=\"https:\/\/contemporary-music.de\/\/wp-content\/uploads\/2022\/09\/ausschnitt-esaltato.mp3?_=1\" \/><a href=\"https:\/\/contemporary-music.de\/\/wp-content\/uploads\/2022\/09\/ausschnitt-esaltato.mp3\">https:\/\/contemporary-music.de\/\/wp-content\/uploads\/2022\/09\/ausschnitt-esaltato.mp3<\/a><\/audio>\n<p><strong>Rondel<\/strong> f\u00fcr Fl\u00f6te und Orchester (1991)<\/p>\n","protected":false},"excerpt":{"rendered":"<p>Auch hier k\u00f6nnen Sie sich Aufnahmen anh\u00f6ren und zum Teil auch Noten herunterladen. Wenn Sie das Stimmenmaterial ben\u00f6tigen schreiben Sie mir bitte eine\u00a0 e-mail! Ab und zu\u00a0f\u00fcr Akordeon und f\u00fcnf Instrumente (2011) &gt;\u00a0Noten Tetralog f\u00fcr Saxophonquartett und Kammerorchester (2004) Partitur bei Edition Gravis Engf\u00fchrung (2002) f\u00fcr Bass-Saxophon und 15 Instrumente &gt;\u00a0Noten Plainte f\u00fcr Saxophonensemble (2001) &hellip; <\/p>\n<p class=\"link-more\"><a href=\"https:\/\/contemporary-music.de\/en\/stefan-thomas\/der-komponist\/orchester-und-kammerensemble\/\" class=\"more-link\">Continue reading<span class=\"screen-reader-text\"> &#8220;Orchester und Kammerensemble&#8221;<\/span><\/a><\/p>\n","protected":false},"author":1,"featured_media":0,"parent":262,"menu_order":3,"comment_status":"closed","ping_status":"closed","template":"","meta":{"footnotes":""},"class_list":["post-268","page","type-page","status-publish","hentry"],"translation":{"provider":"WPGlobus","version":"3.0.2","language":"en","enabled_languages":["de","en"],"languages":{"de":{"title":true,"content":true,"excerpt":false},"en":{"title":false,"content":false,"excerpt":false}}},"yoast_head":"<!-- This site is optimized with the Yoast SEO plugin v27.4 - https:\/\/yoast.com\/product\/yoast-seo-wordpress\/ -->\n<title>Orchester und Kammerensemble - Contemporary Music<\/title>\n<meta name=\"robots\" content=\"index, follow, max-snippet:-1, max-image-preview:large, max-video-preview:-1\" \/>\n<link rel=\"canonical\" href=\"https:\/\/contemporary-music.de\/stefan-thomas\/der-komponist\/orchester-und-kammerensemble\/\" \/>\n<meta property=\"og:locale\" content=\"en_US\" \/>\n<meta property=\"og:type\" content=\"article\" \/>\n<meta property=\"og:title\" content=\"Orchester und Kammerensemble - Contemporary Music\" \/>\n<meta property=\"og:url\" content=\"https:\/\/contemporary-music.de\/stefan-thomas\/der-komponist\/orchester-und-kammerensemble\/\" \/>\n<meta property=\"og:site_name\" content=\"Contemporary Music\" \/>\n<meta property=\"article:modified_time\" content=\"2022-10-12T17:03:50+00:00\" \/>\n<meta name=\"twitter:card\" content=\"summary_large_image\" \/>\n<meta name=\"twitter:label1\" content=\"Est. reading time\" \/>\n\t<meta name=\"twitter:data1\" content=\"1 minute\" \/>\n<script type=\"application\/ld+json\" class=\"yoast-schema-graph\">{\"@context\":\"https:\\\/\\\/schema.org\",\"@graph\":[{\"@type\":\"WebPage\",\"@id\":\"https:\\\/\\\/contemporary-music.de\\\/stefan-thomas\\\/der-komponist\\\/orchester-und-kammerensemble\\\/\",\"url\":\"https:\\\/\\\/contemporary-music.de\\\/stefan-thomas\\\/der-komponist\\\/orchester-und-kammerensemble\\\/\",\"name\":\"Orchester und Kammerensemble - Contemporary Music\",\"isPartOf\":{\"@id\":\"https:\\\/\\\/contemporary-music.de\\\/#website\"},\"datePublished\":\"2022-10-11T12:14:23+00:00\",\"dateModified\":\"2022-10-12T17:03:50+00:00\",\"breadcrumb\":{\"@id\":\"https:\\\/\\\/contemporary-music.de\\\/stefan-thomas\\\/der-komponist\\\/orchester-und-kammerensemble\\\/#breadcrumb\"},\"inLanguage\":\"en-US\",\"potentialAction\":[{\"@type\":\"ReadAction\",\"target\":[\"https:\\\/\\\/contemporary-music.de\\\/stefan-thomas\\\/der-komponist\\\/orchester-und-kammerensemble\\\/\"]}]},{\"@type\":\"BreadcrumbList\",\"@id\":\"https:\\\/\\\/contemporary-music.de\\\/stefan-thomas\\\/der-komponist\\\/orchester-und-kammerensemble\\\/#breadcrumb\",\"itemListElement\":[{\"@type\":\"ListItem\",\"position\":1,\"name\":\"Startseite\",\"item\":\"https:\\\/\\\/contemporary-music.de\\\/\"},{\"@type\":\"ListItem\",\"position\":2,\"name\":\"Stefan Thomas\",\"item\":\"https:\\\/\\\/contemporary-music.de\\\/stefan-thomas\\\/\"},{\"@type\":\"ListItem\",\"position\":3,\"name\":\"Der Komponist\",\"item\":\"https:\\\/\\\/contemporary-music.de\\\/stefan-thomas\\\/der-komponist\\\/\"},{\"@type\":\"ListItem\",\"position\":4,\"name\":\"Orchester und Kammerensemble\"}]},{\"@type\":\"WebSite\",\"@id\":\"https:\\\/\\\/contemporary-music.de\\\/#website\",\"url\":\"https:\\\/\\\/contemporary-music.de\\\/\",\"name\":\"Contemporary Music\",\"description\":\"\",\"publisher\":{\"@id\":\"https:\\\/\\\/contemporary-music.de\\\/#\\\/schema\\\/person\\\/c67c15d2a2dff16674b8f69c8d0d89fc\"},\"potentialAction\":[{\"@type\":\"SearchAction\",\"target\":{\"@type\":\"EntryPoint\",\"urlTemplate\":\"https:\\\/\\\/contemporary-music.de\\\/?s={search_term_string}\"},\"query-input\":{\"@type\":\"PropertyValueSpecification\",\"valueRequired\":true,\"valueName\":\"search_term_string\"}}],\"inLanguage\":\"en-US\"},{\"@type\":[\"Person\",\"Organization\"],\"@id\":\"https:\\\/\\\/contemporary-music.de\\\/#\\\/schema\\\/person\\\/c67c15d2a2dff16674b8f69c8d0d89fc\",\"name\":\"Stefan Thomas\",\"image\":{\"@type\":\"ImageObject\",\"inLanguage\":\"en-US\",\"@id\":\"https:\\\/\\\/secure.gravatar.com\\\/avatar\\\/b94a19a8b46232e58c6cef480ed9edb7e79db95db34b6bc245691bf554f8acb6?s=96&d=mm&r=g\",\"url\":\"https:\\\/\\\/secure.gravatar.com\\\/avatar\\\/b94a19a8b46232e58c6cef480ed9edb7e79db95db34b6bc245691bf554f8acb6?s=96&d=mm&r=g\",\"contentUrl\":\"https:\\\/\\\/secure.gravatar.com\\\/avatar\\\/b94a19a8b46232e58c6cef480ed9edb7e79db95db34b6bc245691bf554f8acb6?s=96&d=mm&r=g\",\"caption\":\"Stefan Thomas\"},\"logo\":{\"@id\":\"https:\\\/\\\/secure.gravatar.com\\\/avatar\\\/b94a19a8b46232e58c6cef480ed9edb7e79db95db34b6bc245691bf554f8acb6?s=96&d=mm&r=g\"},\"sameAs\":[\"https:\\\/\\\/www.contemporary-music.de\"]}]}<\/script>\n<!-- \/ Yoast SEO plugin. -->","yoast_head_json":{"title":"Orchester und Kammerensemble - Contemporary Music","robots":{"index":"index","follow":"follow","max-snippet":"max-snippet:-1","max-image-preview":"max-image-preview:large","max-video-preview":"max-video-preview:-1"},"canonical":"https:\/\/contemporary-music.de\/stefan-thomas\/der-komponist\/orchester-und-kammerensemble\/","og_locale":"en_US","og_type":"article","og_title":"Orchester und Kammerensemble - Contemporary Music","og_url":"https:\/\/contemporary-music.de\/stefan-thomas\/der-komponist\/orchester-und-kammerensemble\/","og_site_name":"Contemporary Music","article_modified_time":"2022-10-12T17:03:50+00:00","twitter_card":"summary_large_image","twitter_misc":{"Est. reading time":"1 minute"},"schema":{"@context":"https:\/\/schema.org","@graph":[{"@type":"WebPage","@id":"https:\/\/contemporary-music.de\/stefan-thomas\/der-komponist\/orchester-und-kammerensemble\/","url":"https:\/\/contemporary-music.de\/stefan-thomas\/der-komponist\/orchester-und-kammerensemble\/","name":"Orchester und Kammerensemble - Contemporary Music","isPartOf":{"@id":"https:\/\/contemporary-music.de\/#website"},"datePublished":"2022-10-11T12:14:23+00:00","dateModified":"2022-10-12T17:03:50+00:00","breadcrumb":{"@id":"https:\/\/contemporary-music.de\/stefan-thomas\/der-komponist\/orchester-und-kammerensemble\/#breadcrumb"},"inLanguage":"en-US","potentialAction":[{"@type":"ReadAction","target":["https:\/\/contemporary-music.de\/stefan-thomas\/der-komponist\/orchester-und-kammerensemble\/"]}]},{"@type":"BreadcrumbList","@id":"https:\/\/contemporary-music.de\/stefan-thomas\/der-komponist\/orchester-und-kammerensemble\/#breadcrumb","itemListElement":[{"@type":"ListItem","position":1,"name":"Startseite","item":"https:\/\/contemporary-music.de\/"},{"@type":"ListItem","position":2,"name":"Stefan Thomas","item":"https:\/\/contemporary-music.de\/stefan-thomas\/"},{"@type":"ListItem","position":3,"name":"Der Komponist","item":"https:\/\/contemporary-music.de\/stefan-thomas\/der-komponist\/"},{"@type":"ListItem","position":4,"name":"Orchester und Kammerensemble"}]},{"@type":"WebSite","@id":"https:\/\/contemporary-music.de\/#website","url":"https:\/\/contemporary-music.de\/","name":"Contemporary Music","description":"","publisher":{"@id":"https:\/\/contemporary-music.de\/#\/schema\/person\/c67c15d2a2dff16674b8f69c8d0d89fc"},"potentialAction":[{"@type":"SearchAction","target":{"@type":"EntryPoint","urlTemplate":"https:\/\/contemporary-music.de\/?s={search_term_string}"},"query-input":{"@type":"PropertyValueSpecification","valueRequired":true,"valueName":"search_term_string"}}],"inLanguage":"en-US"},{"@type":["Person","Organization"],"@id":"https:\/\/contemporary-music.de\/#\/schema\/person\/c67c15d2a2dff16674b8f69c8d0d89fc","name":"Stefan Thomas","image":{"@type":"ImageObject","inLanguage":"en-US","@id":"https:\/\/secure.gravatar.com\/avatar\/b94a19a8b46232e58c6cef480ed9edb7e79db95db34b6bc245691bf554f8acb6?s=96&d=mm&r=g","url":"https:\/\/secure.gravatar.com\/avatar\/b94a19a8b46232e58c6cef480ed9edb7e79db95db34b6bc245691bf554f8acb6?s=96&d=mm&r=g","contentUrl":"https:\/\/secure.gravatar.com\/avatar\/b94a19a8b46232e58c6cef480ed9edb7e79db95db34b6bc245691bf554f8acb6?s=96&d=mm&r=g","caption":"Stefan Thomas"},"logo":{"@id":"https:\/\/secure.gravatar.com\/avatar\/b94a19a8b46232e58c6cef480ed9edb7e79db95db34b6bc245691bf554f8acb6?s=96&d=mm&r=g"},"sameAs":["https:\/\/www.contemporary-music.de"]}]}},"_links":{"self":[{"href":"https:\/\/contemporary-music.de\/en\/wp-json\/wp\/v2\/pages\/268","targetHints":{"allow":["GET"]}}],"collection":[{"href":"https:\/\/contemporary-music.de\/en\/wp-json\/wp\/v2\/pages"}],"about":[{"href":"https:\/\/contemporary-music.de\/en\/wp-json\/wp\/v2\/types\/page"}],"author":[{"embeddable":true,"href":"https:\/\/contemporary-music.de\/en\/wp-json\/wp\/v2\/users\/1"}],"replies":[{"embeddable":true,"href":"https:\/\/contemporary-music.de\/en\/wp-json\/wp\/v2\/comments?post=268"}],"version-history":[{"count":6,"href":"https:\/\/contemporary-music.de\/en\/wp-json\/wp\/v2\/pages\/268\/revisions"}],"predecessor-version":[{"id":375,"href":"https:\/\/contemporary-music.de\/en\/wp-json\/wp\/v2\/pages\/268\/revisions\/375"}],"up":[{"embeddable":true,"href":"https:\/\/contemporary-music.de\/en\/wp-json\/wp\/v2\/pages\/262"}],"wp:attachment":[{"href":"https:\/\/contemporary-music.de\/en\/wp-json\/wp\/v2\/media?parent=268"}],"curies":[{"name":"wp","href":"https:\/\/api.w.org\/{rel}","templated":true}]}}