{"id":273,"date":"2022-10-11T23:10:14","date_gmt":"2022-10-11T21:10:14","guid":{"rendered":"https:\/\/contemporary-music.de\/_wordpress_591\/?page_id=273"},"modified":"2022-10-12T19:21:43","modified_gmt":"2022-10-12T17:21:43","slug":"vokalwerke","status":"publish","type":"page","link":"https:\/\/contemporary-music.de\/en\/stefan-thomas\/der-komponist\/vokalwerke\/","title":{"rendered":"Vokalwerke"},"content":{"rendered":"<p><strong>Xenodie<\/strong> (2010) nach einem Text von Stefan George, f\u00fcr Sopran und Synthesizer<br \/>\n<a title=\"Xenodie\" href=\"#\" target=\"_blank\" rel=\"noopener\">Aufnahme mit Irene Kurka (Sopran) und Stefan Thomas, Synthesizer<\/a><\/p>\n<p><strong>Kantate nach Worten des Psalm 51<\/strong> (2006) f\u00fcr gemischten Chor, Klarinette, Horn, Schlagzeug und Orgel &gt; <a title=\"Psalm 51\" href=\"https:\/\/contemporary-music.de\/\/wp-content\/uploads\/2022\/10\/psalm51.pdf\" target=\"_blank\" rel=\"noopener\">Noten<\/a><\/p>\n<p><strong>Zeit(t)r\u00e4ume<\/strong> (2005) nach Texten von Theodor Storm, Herklit und Parmenides, f\u00fcr Saxophonquartett und Chor &gt; <a title=\"Zeittr\u00e4ume\" href=\"https:\/\/contemporary-music.de\/\/wp-content\/uploads\/2022\/10\/zeittraeume.pdf\" target=\"_blank\" rel=\"noopener\">Noten<\/a><br \/>\nAufnahme (in Ausschnitten) mit dem <a title=\"Rascher Saxophonquartett\" href=\"http:\/\/www.rsq-sax.com\/D_index.html\" target=\"_blank\" rel=\"noopener\">Rasch\u00e9r Saxophone-Quartett<\/a> und\u00a0 <a title=\"Canticum Novum Singers\" href=\"http:\/\/canticumnovumsingers.org\/\" target=\"_blank\" rel=\"noopener\">The Canticum Novum Singers<\/a>, Ltg.: Harold Rosenbaum<\/p>\n<p><strong>Die Zeit ist Hin<\/strong> (Text: Theodor Storm)<\/p>\n<audio class=\"wp-audio-shortcode\" id=\"audio-273-1\" preload=\"none\" style=\"width: 100%;\" controls=\"controls\"><source type=\"audio\/mpeg\" src=\"https:\/\/contemporary-music.de\/\/wp-content\/uploads\/2022\/10\/zeit01.mp3?_=1\" \/><a href=\"https:\/\/contemporary-music.de\/\/wp-content\/uploads\/2022\/10\/zeit01.mp3\">https:\/\/contemporary-music.de\/\/wp-content\/uploads\/2022\/10\/zeit01.mp3<\/a><\/audio>\n<p>Man steigt nie zweimal in denselben Fluss\u00a0<\/p>\n<audio class=\"wp-audio-shortcode\" id=\"audio-273-2\" preload=\"none\" style=\"width: 100%;\" controls=\"controls\"><source type=\"audio\/mpeg\" src=\"https:\/\/contemporary-music.de\/\/wp-content\/uploads\/2022\/10\/zeit02.mp3?_=2\" \/><a href=\"https:\/\/contemporary-music.de\/\/wp-content\/uploads\/2022\/10\/zeit02.mp3\">https:\/\/contemporary-music.de\/\/wp-content\/uploads\/2022\/10\/zeit02.mp3<\/a><\/audio>\n<p>Intermezzo: quasi una passacaglia<\/p>\n<audio class=\"wp-audio-shortcode\" id=\"audio-273-3\" preload=\"none\" style=\"width: 100%;\" controls=\"controls\"><source type=\"audio\/mpeg\" src=\"https:\/\/contemporary-music.de\/\/wp-content\/uploads\/2022\/10\/zeit03.mp3?_=3\" \/><a href=\"https:\/\/contemporary-music.de\/\/wp-content\/uploads\/2022\/10\/zeit03.mp3\">https:\/\/contemporary-music.de\/\/wp-content\/uploads\/2022\/10\/zeit03.mp3<\/a><\/audio>\n<p>Das unbewegliche Sein (Text: Parmenides)<\/p>\n<audio class=\"wp-audio-shortcode\" id=\"audio-273-4\" preload=\"none\" style=\"width: 100%;\" controls=\"controls\"><source type=\"audio\/mpeg\" src=\"https:\/\/contemporary-music.de\/\/wp-content\/uploads\/2022\/10\/zeit04.mp3?_=4\" \/><a href=\"https:\/\/contemporary-music.de\/\/wp-content\/uploads\/2022\/10\/zeit04.mp3\">https:\/\/contemporary-music.de\/\/wp-content\/uploads\/2022\/10\/zeit04.mp3<\/a><\/audio>\n<p><strong>Kopflosigkeiten<\/strong> (2002) nach Texten von Herrmann Hesse f\u00fcr Sopran, Violine und Kontrabass<br \/>\nSteinzeit (2001) f\u00fcr Sopran, Tenor und f\u00fcnf Instrumente, nach einem Text von <a title=\"Kurt Drawer\" href=\"http:\/\/kurtdrawert.de\/aktuell\/\" target=\"_blank\" rel=\"noopener\">Kurt Drawert <\/a><br \/>\nLaberintos f\u00fcr Tenorblockfl\u00f6te, Sopran und Violine nach Texten von J.L. Borges (2001)<\/p>\n<p><a title=\"Moeck\" href=\"http:\/\/www.moeck.com\/cms\/index.php?id=7\" target=\"_blank\" rel=\"noopener\">Partitur beim Moeck-Verlag <\/a><br \/>\n<strong>Sisyphonie 1<\/strong>\u00a0f\u00fcr Sopran und f\u00fcnf Instrumente nach Texten von\u00a0<a title=\"Kurt Drawer\" href=\"http:\/\/kurtdrawert.de\/aktuell\/\" target=\"_blank\" rel=\"noopener\">Kurt Drawert <\/a>(1998) &gt;\u00a0<a title=\"Sisyphonie01\" href=\"https:\/\/contemporary-music.de\/\/wp-content\/uploads\/2022\/10\/sisyphonie01.pdf\" target=\"_blank\" rel=\"noopener\">Noten<\/a><\/p>\n<p><strong>Tollertopographie<\/strong>, Zyklus nach Texten aus dem Theaterst\u00fcck &#8220;Zwischen zwei Feuern\u201d von Albert Ostermaier, f\u00fcr Fl\u00f6te, Tenor und Violoncello (1993)\u00a0<\/p>\n","protected":false},"excerpt":{"rendered":"<p>Xenodie (2010) nach einem Text von Stefan George, f\u00fcr Sopran und Synthesizer Aufnahme mit Irene Kurka (Sopran) und Stefan Thomas, Synthesizer Kantate nach Worten des Psalm 51 (2006) f\u00fcr gemischten Chor, Klarinette, Horn, Schlagzeug und Orgel &gt; Noten Zeit(t)r\u00e4ume (2005) nach Texten von Theodor Storm, Herklit und Parmenides, f\u00fcr Saxophonquartett und Chor &gt; Noten Aufnahme &hellip; <\/p>\n<p class=\"link-more\"><a href=\"https:\/\/contemporary-music.de\/en\/stefan-thomas\/der-komponist\/vokalwerke\/\" class=\"more-link\">Continue reading<span class=\"screen-reader-text\"> &#8220;Vokalwerke&#8221;<\/span><\/a><\/p>\n","protected":false},"author":1,"featured_media":0,"parent":262,"menu_order":2,"comment_status":"closed","ping_status":"closed","template":"","meta":{"footnotes":""},"class_list":["post-273","page","type-page","status-publish","hentry"],"translation":{"provider":"WPGlobus","version":"3.0.2","language":"en","enabled_languages":["de","en"],"languages":{"de":{"title":true,"content":true,"excerpt":false},"en":{"title":false,"content":false,"excerpt":false}}},"yoast_head":"<!-- This site is optimized with the Yoast SEO plugin v27.4 - https:\/\/yoast.com\/product\/yoast-seo-wordpress\/ -->\n<title>Vokalwerke - Contemporary Music<\/title>\n<meta name=\"robots\" content=\"index, follow, max-snippet:-1, max-image-preview:large, max-video-preview:-1\" \/>\n<link rel=\"canonical\" href=\"https:\/\/contemporary-music.de\/stefan-thomas\/der-komponist\/vokalwerke\/\" \/>\n<meta property=\"og:locale\" content=\"en_US\" \/>\n<meta property=\"og:type\" content=\"article\" \/>\n<meta property=\"og:title\" content=\"Vokalwerke - Contemporary Music\" \/>\n<meta property=\"og:url\" content=\"https:\/\/contemporary-music.de\/stefan-thomas\/der-komponist\/vokalwerke\/\" \/>\n<meta property=\"og:site_name\" content=\"Contemporary Music\" \/>\n<meta property=\"article:modified_time\" content=\"2022-10-12T17:21:43+00:00\" \/>\n<meta name=\"twitter:card\" content=\"summary_large_image\" \/>\n<meta name=\"twitter:label1\" content=\"Est. reading time\" \/>\n\t<meta name=\"twitter:data1\" content=\"1 minute\" \/>\n<script type=\"application\/ld+json\" class=\"yoast-schema-graph\">{\"@context\":\"https:\\\/\\\/schema.org\",\"@graph\":[{\"@type\":\"WebPage\",\"@id\":\"https:\\\/\\\/contemporary-music.de\\\/stefan-thomas\\\/der-komponist\\\/vokalwerke\\\/\",\"url\":\"https:\\\/\\\/contemporary-music.de\\\/stefan-thomas\\\/der-komponist\\\/vokalwerke\\\/\",\"name\":\"Vokalwerke - Contemporary Music\",\"isPartOf\":{\"@id\":\"https:\\\/\\\/contemporary-music.de\\\/#website\"},\"datePublished\":\"2022-10-11T21:10:14+00:00\",\"dateModified\":\"2022-10-12T17:21:43+00:00\",\"breadcrumb\":{\"@id\":\"https:\\\/\\\/contemporary-music.de\\\/stefan-thomas\\\/der-komponist\\\/vokalwerke\\\/#breadcrumb\"},\"inLanguage\":\"en-US\",\"potentialAction\":[{\"@type\":\"ReadAction\",\"target\":[\"https:\\\/\\\/contemporary-music.de\\\/stefan-thomas\\\/der-komponist\\\/vokalwerke\\\/\"]}]},{\"@type\":\"BreadcrumbList\",\"@id\":\"https:\\\/\\\/contemporary-music.de\\\/stefan-thomas\\\/der-komponist\\\/vokalwerke\\\/#breadcrumb\",\"itemListElement\":[{\"@type\":\"ListItem\",\"position\":1,\"name\":\"Startseite\",\"item\":\"https:\\\/\\\/contemporary-music.de\\\/\"},{\"@type\":\"ListItem\",\"position\":2,\"name\":\"Stefan Thomas\",\"item\":\"https:\\\/\\\/contemporary-music.de\\\/stefan-thomas\\\/\"},{\"@type\":\"ListItem\",\"position\":3,\"name\":\"Der Komponist\",\"item\":\"https:\\\/\\\/contemporary-music.de\\\/stefan-thomas\\\/der-komponist\\\/\"},{\"@type\":\"ListItem\",\"position\":4,\"name\":\"Vokalwerke\"}]},{\"@type\":\"WebSite\",\"@id\":\"https:\\\/\\\/contemporary-music.de\\\/#website\",\"url\":\"https:\\\/\\\/contemporary-music.de\\\/\",\"name\":\"Contemporary Music\",\"description\":\"\",\"publisher\":{\"@id\":\"https:\\\/\\\/contemporary-music.de\\\/#\\\/schema\\\/person\\\/c67c15d2a2dff16674b8f69c8d0d89fc\"},\"potentialAction\":[{\"@type\":\"SearchAction\",\"target\":{\"@type\":\"EntryPoint\",\"urlTemplate\":\"https:\\\/\\\/contemporary-music.de\\\/?s={search_term_string}\"},\"query-input\":{\"@type\":\"PropertyValueSpecification\",\"valueRequired\":true,\"valueName\":\"search_term_string\"}}],\"inLanguage\":\"en-US\"},{\"@type\":[\"Person\",\"Organization\"],\"@id\":\"https:\\\/\\\/contemporary-music.de\\\/#\\\/schema\\\/person\\\/c67c15d2a2dff16674b8f69c8d0d89fc\",\"name\":\"Stefan Thomas\",\"image\":{\"@type\":\"ImageObject\",\"inLanguage\":\"en-US\",\"@id\":\"https:\\\/\\\/secure.gravatar.com\\\/avatar\\\/b94a19a8b46232e58c6cef480ed9edb7e79db95db34b6bc245691bf554f8acb6?s=96&d=mm&r=g\",\"url\":\"https:\\\/\\\/secure.gravatar.com\\\/avatar\\\/b94a19a8b46232e58c6cef480ed9edb7e79db95db34b6bc245691bf554f8acb6?s=96&d=mm&r=g\",\"contentUrl\":\"https:\\\/\\\/secure.gravatar.com\\\/avatar\\\/b94a19a8b46232e58c6cef480ed9edb7e79db95db34b6bc245691bf554f8acb6?s=96&d=mm&r=g\",\"caption\":\"Stefan Thomas\"},\"logo\":{\"@id\":\"https:\\\/\\\/secure.gravatar.com\\\/avatar\\\/b94a19a8b46232e58c6cef480ed9edb7e79db95db34b6bc245691bf554f8acb6?s=96&d=mm&r=g\"},\"sameAs\":[\"https:\\\/\\\/www.contemporary-music.de\"]}]}<\/script>\n<!-- \/ Yoast SEO plugin. -->","yoast_head_json":{"title":"Vokalwerke - Contemporary Music","robots":{"index":"index","follow":"follow","max-snippet":"max-snippet:-1","max-image-preview":"max-image-preview:large","max-video-preview":"max-video-preview:-1"},"canonical":"https:\/\/contemporary-music.de\/stefan-thomas\/der-komponist\/vokalwerke\/","og_locale":"en_US","og_type":"article","og_title":"Vokalwerke - Contemporary Music","og_url":"https:\/\/contemporary-music.de\/stefan-thomas\/der-komponist\/vokalwerke\/","og_site_name":"Contemporary Music","article_modified_time":"2022-10-12T17:21:43+00:00","twitter_card":"summary_large_image","twitter_misc":{"Est. reading time":"1 minute"},"schema":{"@context":"https:\/\/schema.org","@graph":[{"@type":"WebPage","@id":"https:\/\/contemporary-music.de\/stefan-thomas\/der-komponist\/vokalwerke\/","url":"https:\/\/contemporary-music.de\/stefan-thomas\/der-komponist\/vokalwerke\/","name":"Vokalwerke - Contemporary Music","isPartOf":{"@id":"https:\/\/contemporary-music.de\/#website"},"datePublished":"2022-10-11T21:10:14+00:00","dateModified":"2022-10-12T17:21:43+00:00","breadcrumb":{"@id":"https:\/\/contemporary-music.de\/stefan-thomas\/der-komponist\/vokalwerke\/#breadcrumb"},"inLanguage":"en-US","potentialAction":[{"@type":"ReadAction","target":["https:\/\/contemporary-music.de\/stefan-thomas\/der-komponist\/vokalwerke\/"]}]},{"@type":"BreadcrumbList","@id":"https:\/\/contemporary-music.de\/stefan-thomas\/der-komponist\/vokalwerke\/#breadcrumb","itemListElement":[{"@type":"ListItem","position":1,"name":"Startseite","item":"https:\/\/contemporary-music.de\/"},{"@type":"ListItem","position":2,"name":"Stefan Thomas","item":"https:\/\/contemporary-music.de\/stefan-thomas\/"},{"@type":"ListItem","position":3,"name":"Der Komponist","item":"https:\/\/contemporary-music.de\/stefan-thomas\/der-komponist\/"},{"@type":"ListItem","position":4,"name":"Vokalwerke"}]},{"@type":"WebSite","@id":"https:\/\/contemporary-music.de\/#website","url":"https:\/\/contemporary-music.de\/","name":"Contemporary Music","description":"","publisher":{"@id":"https:\/\/contemporary-music.de\/#\/schema\/person\/c67c15d2a2dff16674b8f69c8d0d89fc"},"potentialAction":[{"@type":"SearchAction","target":{"@type":"EntryPoint","urlTemplate":"https:\/\/contemporary-music.de\/?s={search_term_string}"},"query-input":{"@type":"PropertyValueSpecification","valueRequired":true,"valueName":"search_term_string"}}],"inLanguage":"en-US"},{"@type":["Person","Organization"],"@id":"https:\/\/contemporary-music.de\/#\/schema\/person\/c67c15d2a2dff16674b8f69c8d0d89fc","name":"Stefan Thomas","image":{"@type":"ImageObject","inLanguage":"en-US","@id":"https:\/\/secure.gravatar.com\/avatar\/b94a19a8b46232e58c6cef480ed9edb7e79db95db34b6bc245691bf554f8acb6?s=96&d=mm&r=g","url":"https:\/\/secure.gravatar.com\/avatar\/b94a19a8b46232e58c6cef480ed9edb7e79db95db34b6bc245691bf554f8acb6?s=96&d=mm&r=g","contentUrl":"https:\/\/secure.gravatar.com\/avatar\/b94a19a8b46232e58c6cef480ed9edb7e79db95db34b6bc245691bf554f8acb6?s=96&d=mm&r=g","caption":"Stefan Thomas"},"logo":{"@id":"https:\/\/secure.gravatar.com\/avatar\/b94a19a8b46232e58c6cef480ed9edb7e79db95db34b6bc245691bf554f8acb6?s=96&d=mm&r=g"},"sameAs":["https:\/\/www.contemporary-music.de"]}]}},"_links":{"self":[{"href":"https:\/\/contemporary-music.de\/en\/wp-json\/wp\/v2\/pages\/273","targetHints":{"allow":["GET"]}}],"collection":[{"href":"https:\/\/contemporary-music.de\/en\/wp-json\/wp\/v2\/pages"}],"about":[{"href":"https:\/\/contemporary-music.de\/en\/wp-json\/wp\/v2\/types\/page"}],"author":[{"embeddable":true,"href":"https:\/\/contemporary-music.de\/en\/wp-json\/wp\/v2\/users\/1"}],"replies":[{"embeddable":true,"href":"https:\/\/contemporary-music.de\/en\/wp-json\/wp\/v2\/comments?post=273"}],"version-history":[{"count":13,"href":"https:\/\/contemporary-music.de\/en\/wp-json\/wp\/v2\/pages\/273\/revisions"}],"predecessor-version":[{"id":379,"href":"https:\/\/contemporary-music.de\/en\/wp-json\/wp\/v2\/pages\/273\/revisions\/379"}],"up":[{"embeddable":true,"href":"https:\/\/contemporary-music.de\/en\/wp-json\/wp\/v2\/pages\/262"}],"wp:attachment":[{"href":"https:\/\/contemporary-music.de\/en\/wp-json\/wp\/v2\/media?parent=273"}],"curies":[{"name":"wp","href":"https:\/\/api.w.org\/{rel}","templated":true}]}}