{"id":280,"date":"2022-10-11T23:17:54","date_gmt":"2022-10-11T21:17:54","guid":{"rendered":"https:\/\/contemporary-music.de\/_wordpress_591\/?page_id=280"},"modified":"2022-10-11T23:18:45","modified_gmt":"2022-10-11T21:18:45","slug":"unterricht","status":"publish","type":"page","link":"https:\/\/contemporary-music.de\/en\/stefan-thomas\/der-pianist\/unterricht\/","title":{"rendered":"Unterricht"},"content":{"rendered":"<p>Ich kann es nicht leugnen, dass der Komponist Stefan Thomas den Klavierlehrer stark beeinflusst.<br \/>\nStellen Sie sich einen Kunstunterricht an Schulen vor, in denen nur von anderen Bildern abgemalt wird, w\u00e4re das nicht in h\u00f6chstem Ma\u00dfe seltsam?<br \/>\nIm Instrumentalunterricht ist diese Situation bedauerlicher Weise seit langem die Regel.<br \/>\nNoch im 19. Jahrhundert war es selbstverst\u00e4ndlich, dass jeder, der Unterricht auf einem Instrument nahm, auch Improvisation und ein wenig Komposition lernte.<br \/>\nSo schrieb J.S. Bach im Vorwort zu seinen Inventionen, dass sie auch<em><strong> einen starcken Vorschmack von der Composition<\/strong><\/em>geben sollten.<br \/>\nAuch wenn ich selbst meine Sch\u00fclerinnen und Sch\u00fcler in der Regel keine Inventionen komponiere lasse, so m\u00f6chte ich sie doch wenigsten dazu anregen, ihre kreative musikalische Seite zu entdecken, zu erproben und zu entwickeln.<\/p>\n<p>Wie das geht?\u00a0Rufen Sie mich doch einfach an (0221\/412529) <br \/>\noder schauen mal bei mir vorbei!<\/p>\n<h2>Preisliste Klavierunterricht\u00a0 \u00a0<\/h2>\n<table border=\"0\" cellspacing=\"0\" cellpadding=\"0\">\n<tbody>\n<tr>\n<td valign=\"top\">30 Minuten Einzelunterricht<\/td>\n<td width=\"12\">\u00a0<\/td>\n<td valign=\"top\">60 \u20ac im Monat<\/td>\n<\/tr>\n<tr>\n<td valign=\"top\">45 Minuten Einzelunterricht<\/td>\n<td width=\"12\">\u00a0<\/td>\n<td valign=\"top\">90 \u20ac im Monat<\/td>\n<\/tr>\n<tr>\n<td valign=\"top\">45 Minuten Zweiergruppe<\/td>\n<td width=\"12\">\u00a0<\/td>\n<td valign=\"top\">50 \u20ac pro Person im Monat<\/td>\n<\/tr>\n<tr>\n<td valign=\"top\">&#8220;by call-Tarif&#8221;: 45 Minuten Unterricht <br \/>\nnach Absprache<\/td>\n<td width=\"12\">\u00a0<\/td>\n<td valign=\"top\">35 \u20ac pro Unterrichtsstunde\u00a0<\/td>\n<\/tr>\n<tr>\n<td valign=\"top\">(kein Unterricht w\u00e4hrend der Schulferien)<\/td>\n<td>&nbsp;<\/td>\n<td>&nbsp;<\/td>\n<\/tr>\n<\/tbody>\n<\/table>\n","protected":false},"excerpt":{"rendered":"<p>Ich kann es nicht leugnen, dass der Komponist Stefan Thomas den Klavierlehrer stark beeinflusst. Stellen Sie sich einen Kunstunterricht an Schulen vor, in denen nur von anderen Bildern abgemalt wird, w\u00e4re das nicht in h\u00f6chstem Ma\u00dfe seltsam? Im Instrumentalunterricht ist diese Situation bedauerlicher Weise seit langem die Regel. Noch im 19. Jahrhundert war es selbstverst\u00e4ndlich, &hellip; <\/p>\n<p class=\"link-more\"><a href=\"https:\/\/contemporary-music.de\/en\/stefan-thomas\/der-pianist\/unterricht\/\" class=\"more-link\">Continue reading<span class=\"screen-reader-text\"> &#8220;Unterricht&#8221;<\/span><\/a><\/p>\n","protected":false},"author":1,"featured_media":0,"parent":278,"menu_order":0,"comment_status":"closed","ping_status":"closed","template":"","meta":{"footnotes":""},"class_list":["post-280","page","type-page","status-publish","hentry"],"translation":{"provider":"WPGlobus","version":"3.0.2","language":"en","enabled_languages":["de","en"],"languages":{"de":{"title":true,"content":true,"excerpt":false},"en":{"title":false,"content":false,"excerpt":false}}},"yoast_head":"<!-- This site is optimized with the Yoast SEO plugin v27.4 - https:\/\/yoast.com\/product\/yoast-seo-wordpress\/ -->\n<title>Unterricht - Contemporary Music<\/title>\n<meta name=\"robots\" content=\"index, follow, max-snippet:-1, max-image-preview:large, max-video-preview:-1\" \/>\n<link rel=\"canonical\" href=\"https:\/\/contemporary-music.de\/stefan-thomas\/der-pianist\/unterricht\/\" \/>\n<meta property=\"og:locale\" content=\"en_US\" \/>\n<meta property=\"og:type\" content=\"article\" \/>\n<meta property=\"og:title\" content=\"Unterricht - Contemporary Music\" \/>\n<meta property=\"og:url\" content=\"https:\/\/contemporary-music.de\/stefan-thomas\/der-pianist\/unterricht\/\" \/>\n<meta property=\"og:site_name\" content=\"Contemporary Music\" \/>\n<meta property=\"article:modified_time\" content=\"2022-10-11T21:18:45+00:00\" \/>\n<meta name=\"twitter:card\" content=\"summary_large_image\" \/>\n<meta name=\"twitter:label1\" content=\"Est. reading time\" \/>\n\t<meta name=\"twitter:data1\" content=\"1 minute\" \/>\n<script type=\"application\/ld+json\" class=\"yoast-schema-graph\">{\"@context\":\"https:\\\/\\\/schema.org\",\"@graph\":[{\"@type\":\"WebPage\",\"@id\":\"https:\\\/\\\/contemporary-music.de\\\/stefan-thomas\\\/der-pianist\\\/unterricht\\\/\",\"url\":\"https:\\\/\\\/contemporary-music.de\\\/stefan-thomas\\\/der-pianist\\\/unterricht\\\/\",\"name\":\"Unterricht - Contemporary Music\",\"isPartOf\":{\"@id\":\"https:\\\/\\\/contemporary-music.de\\\/#website\"},\"datePublished\":\"2022-10-11T21:17:54+00:00\",\"dateModified\":\"2022-10-11T21:18:45+00:00\",\"breadcrumb\":{\"@id\":\"https:\\\/\\\/contemporary-music.de\\\/stefan-thomas\\\/der-pianist\\\/unterricht\\\/#breadcrumb\"},\"inLanguage\":\"en-US\",\"potentialAction\":[{\"@type\":\"ReadAction\",\"target\":[\"https:\\\/\\\/contemporary-music.de\\\/stefan-thomas\\\/der-pianist\\\/unterricht\\\/\"]}]},{\"@type\":\"BreadcrumbList\",\"@id\":\"https:\\\/\\\/contemporary-music.de\\\/stefan-thomas\\\/der-pianist\\\/unterricht\\\/#breadcrumb\",\"itemListElement\":[{\"@type\":\"ListItem\",\"position\":1,\"name\":\"Startseite\",\"item\":\"https:\\\/\\\/contemporary-music.de\\\/\"},{\"@type\":\"ListItem\",\"position\":2,\"name\":\"Stefan Thomas\",\"item\":\"https:\\\/\\\/contemporary-music.de\\\/stefan-thomas\\\/\"},{\"@type\":\"ListItem\",\"position\":3,\"name\":\"Der Pianist\",\"item\":\"https:\\\/\\\/contemporary-music.de\\\/stefan-thomas\\\/der-pianist\\\/\"},{\"@type\":\"ListItem\",\"position\":4,\"name\":\"Unterricht\"}]},{\"@type\":\"WebSite\",\"@id\":\"https:\\\/\\\/contemporary-music.de\\\/#website\",\"url\":\"https:\\\/\\\/contemporary-music.de\\\/\",\"name\":\"Contemporary Music\",\"description\":\"\",\"publisher\":{\"@id\":\"https:\\\/\\\/contemporary-music.de\\\/#\\\/schema\\\/person\\\/c67c15d2a2dff16674b8f69c8d0d89fc\"},\"potentialAction\":[{\"@type\":\"SearchAction\",\"target\":{\"@type\":\"EntryPoint\",\"urlTemplate\":\"https:\\\/\\\/contemporary-music.de\\\/?s={search_term_string}\"},\"query-input\":{\"@type\":\"PropertyValueSpecification\",\"valueRequired\":true,\"valueName\":\"search_term_string\"}}],\"inLanguage\":\"en-US\"},{\"@type\":[\"Person\",\"Organization\"],\"@id\":\"https:\\\/\\\/contemporary-music.de\\\/#\\\/schema\\\/person\\\/c67c15d2a2dff16674b8f69c8d0d89fc\",\"name\":\"Stefan Thomas\",\"image\":{\"@type\":\"ImageObject\",\"inLanguage\":\"en-US\",\"@id\":\"https:\\\/\\\/secure.gravatar.com\\\/avatar\\\/b94a19a8b46232e58c6cef480ed9edb7e79db95db34b6bc245691bf554f8acb6?s=96&d=mm&r=g\",\"url\":\"https:\\\/\\\/secure.gravatar.com\\\/avatar\\\/b94a19a8b46232e58c6cef480ed9edb7e79db95db34b6bc245691bf554f8acb6?s=96&d=mm&r=g\",\"contentUrl\":\"https:\\\/\\\/secure.gravatar.com\\\/avatar\\\/b94a19a8b46232e58c6cef480ed9edb7e79db95db34b6bc245691bf554f8acb6?s=96&d=mm&r=g\",\"caption\":\"Stefan Thomas\"},\"logo\":{\"@id\":\"https:\\\/\\\/secure.gravatar.com\\\/avatar\\\/b94a19a8b46232e58c6cef480ed9edb7e79db95db34b6bc245691bf554f8acb6?s=96&d=mm&r=g\"},\"sameAs\":[\"https:\\\/\\\/www.contemporary-music.de\"]}]}<\/script>\n<!-- \/ Yoast SEO plugin. -->","yoast_head_json":{"title":"Unterricht - Contemporary Music","robots":{"index":"index","follow":"follow","max-snippet":"max-snippet:-1","max-image-preview":"max-image-preview:large","max-video-preview":"max-video-preview:-1"},"canonical":"https:\/\/contemporary-music.de\/stefan-thomas\/der-pianist\/unterricht\/","og_locale":"en_US","og_type":"article","og_title":"Unterricht - Contemporary Music","og_url":"https:\/\/contemporary-music.de\/stefan-thomas\/der-pianist\/unterricht\/","og_site_name":"Contemporary Music","article_modified_time":"2022-10-11T21:18:45+00:00","twitter_card":"summary_large_image","twitter_misc":{"Est. reading time":"1 minute"},"schema":{"@context":"https:\/\/schema.org","@graph":[{"@type":"WebPage","@id":"https:\/\/contemporary-music.de\/stefan-thomas\/der-pianist\/unterricht\/","url":"https:\/\/contemporary-music.de\/stefan-thomas\/der-pianist\/unterricht\/","name":"Unterricht - Contemporary Music","isPartOf":{"@id":"https:\/\/contemporary-music.de\/#website"},"datePublished":"2022-10-11T21:17:54+00:00","dateModified":"2022-10-11T21:18:45+00:00","breadcrumb":{"@id":"https:\/\/contemporary-music.de\/stefan-thomas\/der-pianist\/unterricht\/#breadcrumb"},"inLanguage":"en-US","potentialAction":[{"@type":"ReadAction","target":["https:\/\/contemporary-music.de\/stefan-thomas\/der-pianist\/unterricht\/"]}]},{"@type":"BreadcrumbList","@id":"https:\/\/contemporary-music.de\/stefan-thomas\/der-pianist\/unterricht\/#breadcrumb","itemListElement":[{"@type":"ListItem","position":1,"name":"Startseite","item":"https:\/\/contemporary-music.de\/"},{"@type":"ListItem","position":2,"name":"Stefan Thomas","item":"https:\/\/contemporary-music.de\/stefan-thomas\/"},{"@type":"ListItem","position":3,"name":"Der Pianist","item":"https:\/\/contemporary-music.de\/stefan-thomas\/der-pianist\/"},{"@type":"ListItem","position":4,"name":"Unterricht"}]},{"@type":"WebSite","@id":"https:\/\/contemporary-music.de\/#website","url":"https:\/\/contemporary-music.de\/","name":"Contemporary Music","description":"","publisher":{"@id":"https:\/\/contemporary-music.de\/#\/schema\/person\/c67c15d2a2dff16674b8f69c8d0d89fc"},"potentialAction":[{"@type":"SearchAction","target":{"@type":"EntryPoint","urlTemplate":"https:\/\/contemporary-music.de\/?s={search_term_string}"},"query-input":{"@type":"PropertyValueSpecification","valueRequired":true,"valueName":"search_term_string"}}],"inLanguage":"en-US"},{"@type":["Person","Organization"],"@id":"https:\/\/contemporary-music.de\/#\/schema\/person\/c67c15d2a2dff16674b8f69c8d0d89fc","name":"Stefan Thomas","image":{"@type":"ImageObject","inLanguage":"en-US","@id":"https:\/\/secure.gravatar.com\/avatar\/b94a19a8b46232e58c6cef480ed9edb7e79db95db34b6bc245691bf554f8acb6?s=96&d=mm&r=g","url":"https:\/\/secure.gravatar.com\/avatar\/b94a19a8b46232e58c6cef480ed9edb7e79db95db34b6bc245691bf554f8acb6?s=96&d=mm&r=g","contentUrl":"https:\/\/secure.gravatar.com\/avatar\/b94a19a8b46232e58c6cef480ed9edb7e79db95db34b6bc245691bf554f8acb6?s=96&d=mm&r=g","caption":"Stefan Thomas"},"logo":{"@id":"https:\/\/secure.gravatar.com\/avatar\/b94a19a8b46232e58c6cef480ed9edb7e79db95db34b6bc245691bf554f8acb6?s=96&d=mm&r=g"},"sameAs":["https:\/\/www.contemporary-music.de"]}]}},"_links":{"self":[{"href":"https:\/\/contemporary-music.de\/en\/wp-json\/wp\/v2\/pages\/280","targetHints":{"allow":["GET"]}}],"collection":[{"href":"https:\/\/contemporary-music.de\/en\/wp-json\/wp\/v2\/pages"}],"about":[{"href":"https:\/\/contemporary-music.de\/en\/wp-json\/wp\/v2\/types\/page"}],"author":[{"embeddable":true,"href":"https:\/\/contemporary-music.de\/en\/wp-json\/wp\/v2\/users\/1"}],"replies":[{"embeddable":true,"href":"https:\/\/contemporary-music.de\/en\/wp-json\/wp\/v2\/comments?post=280"}],"version-history":[{"count":3,"href":"https:\/\/contemporary-music.de\/en\/wp-json\/wp\/v2\/pages\/280\/revisions"}],"predecessor-version":[{"id":441,"href":"https:\/\/contemporary-music.de\/en\/wp-json\/wp\/v2\/pages\/280\/revisions\/441"}],"up":[{"embeddable":true,"href":"https:\/\/contemporary-music.de\/en\/wp-json\/wp\/v2\/pages\/278"}],"wp:attachment":[{"href":"https:\/\/contemporary-music.de\/en\/wp-json\/wp\/v2\/media?parent=280"}],"curies":[{"name":"wp","href":"https:\/\/api.w.org\/{rel}","templated":true}]}}