{"id":283,"date":"2022-10-11T23:20:21","date_gmt":"2022-10-11T21:20:21","guid":{"rendered":"https:\/\/contemporary-music.de\/_wordpress_591\/?page_id=283"},"modified":"2022-11-28T19:14:08","modified_gmt":"2022-11-28T18:14:08","slug":"ausbildung","status":"publish","type":"page","link":"https:\/\/contemporary-music.de\/en\/stefan-thomas\/ausbildung\/","title":{"rendered":"Ausbildung"},"content":{"rendered":"<p><strong>Ausbildung<\/strong><\/p>\n<p>1982-1990 Dr. Hoch&#8217;s Konservatorium Frankfurt, Unterricht bei Gerhard Schedl (Komposition) und Theodora Lungu\u00a0 (Klavier)<br \/>\n1990-1995 Musikhochschule K\u00f6ln: Studium der F\u00e4cher Komposition (Krzysztof Meyer), Klavier (Ernst Grimm, Pi Hsien Chen, Peter Degenhardt), und Musiktheorie (Roland L\u00f6bner, Friedrich Jaecker)<br \/>\n1992-1992 Utrecht, Hogeschool voor de Kunsten: Abschluss des Kompositionsstudiums bei Tristan Keuris<\/p>\n<p><strong>Preise und Auszeichnungen<\/strong><\/p>\n<p>1995\u00a0 Leipzig: Erster Preis im Wettbewerb Junge Europ\u00e4ische Komponisten<br \/>\n1997 Eisenstadt: Erster Preis im Internationalen Komponistenwettbewerb Joseph Haydn f\u00fcr die Komposition &#8220;Four Toys for Orchestra&#8221;<br \/>\nund Computermusik bei Marco Stroppa, Denis Smalley und Michael Jarell<br \/>\n1995 Oude Kerk, Amsterdam<br \/>\n\u00a0Ausgew\u00e4hlter Teilnehmer an einem Meisterkurs mit Pierre Boulez <br \/>\n2000 Stipendiat der Konrad Adenauer Stiftung\u00a0 Bonn<\/p>\n<p><strong>Lehrt\u00e4tigkeit<\/strong><\/p>\n<p>2003-2022 <br \/>\nRobert Schumann Hochschule, D\u00fcsseldorf: Lehrauftrag Musiktheorie<br \/>\nUnterricht in den F\u00e4chern Geh\u00f6rbildung, Satzlehre, Werkanalyse<\/p>\n<p>Seit 2002\u00a0<br \/>\nK\u00f6ln, Rheinische Musikschule<br \/>\nUnterricht in den F\u00e4chern Harmonielehre, Improvisation und Komposition<\/p>\n<p>Seit 1994\u00a0<br \/>\nL\u00fcdenscheid, Musikschule:\u00a0T\u00e4tigkeit als Lehrer f\u00fcr Klavier, Musiktheorie und Komposition<\/p>\n","protected":false},"excerpt":{"rendered":"<p>Ausbildung 1982-1990 Dr. Hoch&#8217;s Konservatorium Frankfurt, Unterricht bei Gerhard Schedl (Komposition) und Theodora Lungu\u00a0 (Klavier) 1990-1995 Musikhochschule K\u00f6ln: Studium der F\u00e4cher Komposition (Krzysztof Meyer), Klavier (Ernst Grimm, Pi Hsien Chen, Peter Degenhardt), und Musiktheorie (Roland L\u00f6bner, Friedrich Jaecker) 1992-1992 Utrecht, Hogeschool voor de Kunsten: Abschluss des Kompositionsstudiums bei Tristan Keuris Preise und Auszeichnungen 1995\u00a0 Leipzig: &hellip; <\/p>\n<p class=\"link-more\"><a href=\"https:\/\/contemporary-music.de\/en\/stefan-thomas\/ausbildung\/\" class=\"more-link\">Continue reading<span class=\"screen-reader-text\"> &#8220;Ausbildung&#8221;<\/span><\/a><\/p>\n","protected":false},"author":1,"featured_media":0,"parent":15,"menu_order":0,"comment_status":"closed","ping_status":"closed","template":"","meta":{"footnotes":""},"class_list":["post-283","page","type-page","status-publish","hentry"],"translation":{"provider":"WPGlobus","version":"3.0.2","language":"en","enabled_languages":["de","en"],"languages":{"de":{"title":true,"content":true,"excerpt":false},"en":{"title":false,"content":false,"excerpt":false}}},"yoast_head":"<!-- This site is optimized with the Yoast SEO plugin v27.4 - https:\/\/yoast.com\/product\/yoast-seo-wordpress\/ -->\n<title>Ausbildung - Contemporary Music<\/title>\n<meta name=\"robots\" content=\"index, follow, max-snippet:-1, max-image-preview:large, max-video-preview:-1\" \/>\n<link rel=\"canonical\" href=\"https:\/\/contemporary-music.de\/stefan-thomas\/ausbildung\/\" \/>\n<meta property=\"og:locale\" content=\"en_US\" \/>\n<meta property=\"og:type\" content=\"article\" \/>\n<meta property=\"og:title\" content=\"Ausbildung - Contemporary Music\" \/>\n<meta property=\"og:url\" content=\"https:\/\/contemporary-music.de\/stefan-thomas\/ausbildung\/\" \/>\n<meta property=\"og:site_name\" content=\"Contemporary Music\" \/>\n<meta property=\"article:modified_time\" content=\"2022-11-28T18:14:08+00:00\" \/>\n<meta name=\"twitter:card\" content=\"summary_large_image\" \/>\n<meta name=\"twitter:label1\" content=\"Est. reading time\" \/>\n\t<meta name=\"twitter:data1\" content=\"1 minute\" \/>\n<script type=\"application\/ld+json\" class=\"yoast-schema-graph\">{\"@context\":\"https:\\\/\\\/schema.org\",\"@graph\":[{\"@type\":\"WebPage\",\"@id\":\"https:\\\/\\\/contemporary-music.de\\\/stefan-thomas\\\/ausbildung\\\/\",\"url\":\"https:\\\/\\\/contemporary-music.de\\\/stefan-thomas\\\/ausbildung\\\/\",\"name\":\"Ausbildung - Contemporary Music\",\"isPartOf\":{\"@id\":\"https:\\\/\\\/contemporary-music.de\\\/#website\"},\"datePublished\":\"2022-10-11T21:20:21+00:00\",\"dateModified\":\"2022-11-28T18:14:08+00:00\",\"breadcrumb\":{\"@id\":\"https:\\\/\\\/contemporary-music.de\\\/stefan-thomas\\\/ausbildung\\\/#breadcrumb\"},\"inLanguage\":\"en-US\",\"potentialAction\":[{\"@type\":\"ReadAction\",\"target\":[\"https:\\\/\\\/contemporary-music.de\\\/stefan-thomas\\\/ausbildung\\\/\"]}]},{\"@type\":\"BreadcrumbList\",\"@id\":\"https:\\\/\\\/contemporary-music.de\\\/stefan-thomas\\\/ausbildung\\\/#breadcrumb\",\"itemListElement\":[{\"@type\":\"ListItem\",\"position\":1,\"name\":\"Startseite\",\"item\":\"https:\\\/\\\/contemporary-music.de\\\/\"},{\"@type\":\"ListItem\",\"position\":2,\"name\":\"Stefan Thomas\",\"item\":\"https:\\\/\\\/contemporary-music.de\\\/stefan-thomas\\\/\"},{\"@type\":\"ListItem\",\"position\":3,\"name\":\"Ausbildung\"}]},{\"@type\":\"WebSite\",\"@id\":\"https:\\\/\\\/contemporary-music.de\\\/#website\",\"url\":\"https:\\\/\\\/contemporary-music.de\\\/\",\"name\":\"Contemporary Music\",\"description\":\"\",\"publisher\":{\"@id\":\"https:\\\/\\\/contemporary-music.de\\\/#\\\/schema\\\/person\\\/c67c15d2a2dff16674b8f69c8d0d89fc\"},\"potentialAction\":[{\"@type\":\"SearchAction\",\"target\":{\"@type\":\"EntryPoint\",\"urlTemplate\":\"https:\\\/\\\/contemporary-music.de\\\/?s={search_term_string}\"},\"query-input\":{\"@type\":\"PropertyValueSpecification\",\"valueRequired\":true,\"valueName\":\"search_term_string\"}}],\"inLanguage\":\"en-US\"},{\"@type\":[\"Person\",\"Organization\"],\"@id\":\"https:\\\/\\\/contemporary-music.de\\\/#\\\/schema\\\/person\\\/c67c15d2a2dff16674b8f69c8d0d89fc\",\"name\":\"Stefan Thomas\",\"image\":{\"@type\":\"ImageObject\",\"inLanguage\":\"en-US\",\"@id\":\"https:\\\/\\\/secure.gravatar.com\\\/avatar\\\/b94a19a8b46232e58c6cef480ed9edb7e79db95db34b6bc245691bf554f8acb6?s=96&d=mm&r=g\",\"url\":\"https:\\\/\\\/secure.gravatar.com\\\/avatar\\\/b94a19a8b46232e58c6cef480ed9edb7e79db95db34b6bc245691bf554f8acb6?s=96&d=mm&r=g\",\"contentUrl\":\"https:\\\/\\\/secure.gravatar.com\\\/avatar\\\/b94a19a8b46232e58c6cef480ed9edb7e79db95db34b6bc245691bf554f8acb6?s=96&d=mm&r=g\",\"caption\":\"Stefan Thomas\"},\"logo\":{\"@id\":\"https:\\\/\\\/secure.gravatar.com\\\/avatar\\\/b94a19a8b46232e58c6cef480ed9edb7e79db95db34b6bc245691bf554f8acb6?s=96&d=mm&r=g\"},\"sameAs\":[\"https:\\\/\\\/www.contemporary-music.de\"]}]}<\/script>\n<!-- \/ Yoast SEO plugin. -->","yoast_head_json":{"title":"Ausbildung - Contemporary Music","robots":{"index":"index","follow":"follow","max-snippet":"max-snippet:-1","max-image-preview":"max-image-preview:large","max-video-preview":"max-video-preview:-1"},"canonical":"https:\/\/contemporary-music.de\/stefan-thomas\/ausbildung\/","og_locale":"en_US","og_type":"article","og_title":"Ausbildung - Contemporary Music","og_url":"https:\/\/contemporary-music.de\/stefan-thomas\/ausbildung\/","og_site_name":"Contemporary Music","article_modified_time":"2022-11-28T18:14:08+00:00","twitter_card":"summary_large_image","twitter_misc":{"Est. reading time":"1 minute"},"schema":{"@context":"https:\/\/schema.org","@graph":[{"@type":"WebPage","@id":"https:\/\/contemporary-music.de\/stefan-thomas\/ausbildung\/","url":"https:\/\/contemporary-music.de\/stefan-thomas\/ausbildung\/","name":"Ausbildung - Contemporary Music","isPartOf":{"@id":"https:\/\/contemporary-music.de\/#website"},"datePublished":"2022-10-11T21:20:21+00:00","dateModified":"2022-11-28T18:14:08+00:00","breadcrumb":{"@id":"https:\/\/contemporary-music.de\/stefan-thomas\/ausbildung\/#breadcrumb"},"inLanguage":"en-US","potentialAction":[{"@type":"ReadAction","target":["https:\/\/contemporary-music.de\/stefan-thomas\/ausbildung\/"]}]},{"@type":"BreadcrumbList","@id":"https:\/\/contemporary-music.de\/stefan-thomas\/ausbildung\/#breadcrumb","itemListElement":[{"@type":"ListItem","position":1,"name":"Startseite","item":"https:\/\/contemporary-music.de\/"},{"@type":"ListItem","position":2,"name":"Stefan Thomas","item":"https:\/\/contemporary-music.de\/stefan-thomas\/"},{"@type":"ListItem","position":3,"name":"Ausbildung"}]},{"@type":"WebSite","@id":"https:\/\/contemporary-music.de\/#website","url":"https:\/\/contemporary-music.de\/","name":"Contemporary Music","description":"","publisher":{"@id":"https:\/\/contemporary-music.de\/#\/schema\/person\/c67c15d2a2dff16674b8f69c8d0d89fc"},"potentialAction":[{"@type":"SearchAction","target":{"@type":"EntryPoint","urlTemplate":"https:\/\/contemporary-music.de\/?s={search_term_string}"},"query-input":{"@type":"PropertyValueSpecification","valueRequired":true,"valueName":"search_term_string"}}],"inLanguage":"en-US"},{"@type":["Person","Organization"],"@id":"https:\/\/contemporary-music.de\/#\/schema\/person\/c67c15d2a2dff16674b8f69c8d0d89fc","name":"Stefan Thomas","image":{"@type":"ImageObject","inLanguage":"en-US","@id":"https:\/\/secure.gravatar.com\/avatar\/b94a19a8b46232e58c6cef480ed9edb7e79db95db34b6bc245691bf554f8acb6?s=96&d=mm&r=g","url":"https:\/\/secure.gravatar.com\/avatar\/b94a19a8b46232e58c6cef480ed9edb7e79db95db34b6bc245691bf554f8acb6?s=96&d=mm&r=g","contentUrl":"https:\/\/secure.gravatar.com\/avatar\/b94a19a8b46232e58c6cef480ed9edb7e79db95db34b6bc245691bf554f8acb6?s=96&d=mm&r=g","caption":"Stefan Thomas"},"logo":{"@id":"https:\/\/secure.gravatar.com\/avatar\/b94a19a8b46232e58c6cef480ed9edb7e79db95db34b6bc245691bf554f8acb6?s=96&d=mm&r=g"},"sameAs":["https:\/\/www.contemporary-music.de"]}]}},"_links":{"self":[{"href":"https:\/\/contemporary-music.de\/en\/wp-json\/wp\/v2\/pages\/283","targetHints":{"allow":["GET"]}}],"collection":[{"href":"https:\/\/contemporary-music.de\/en\/wp-json\/wp\/v2\/pages"}],"about":[{"href":"https:\/\/contemporary-music.de\/en\/wp-json\/wp\/v2\/types\/page"}],"author":[{"embeddable":true,"href":"https:\/\/contemporary-music.de\/en\/wp-json\/wp\/v2\/users\/1"}],"replies":[{"embeddable":true,"href":"https:\/\/contemporary-music.de\/en\/wp-json\/wp\/v2\/comments?post=283"}],"version-history":[{"count":3,"href":"https:\/\/contemporary-music.de\/en\/wp-json\/wp\/v2\/pages\/283\/revisions"}],"predecessor-version":[{"id":528,"href":"https:\/\/contemporary-music.de\/en\/wp-json\/wp\/v2\/pages\/283\/revisions\/528"}],"up":[{"embeddable":true,"href":"https:\/\/contemporary-music.de\/en\/wp-json\/wp\/v2\/pages\/15"}],"wp:attachment":[{"href":"https:\/\/contemporary-music.de\/en\/wp-json\/wp\/v2\/media?parent=283"}],"curies":[{"name":"wp","href":"https:\/\/api.w.org\/{rel}","templated":true}]}}